{"id":1785,"date":"2024-02-27T09:56:29","date_gmt":"2024-02-27T09:56:29","guid":{"rendered":"http:\/\/3.70.229.58\/loesche-alle-meine-daten\/"},"modified":"2024-10-15T07:59:44","modified_gmt":"2024-10-15T07:59:44","slug":"loesche-alle-meine-daten","status":"publish","type":"page","link":"https:\/\/www.talky-app.com\/de\/loesche-alle-meine-daten\/","title":{"rendered":"L\u00f6sche alle meine Daten"},"content":{"rendered":"\t\t<div data-elementor-type=\"wp-page\" data-elementor-id=\"1785\" class=\"elementor elementor-1785 elementor-1360\" data-elementor-post-type=\"page\">\n\t\t\t\t<div class=\"elementor-element elementor-element-6cf70da5 e-flex e-con-boxed e-con e-parent\" data-id=\"6cf70da5\" data-element_type=\"container\" data-e-type=\"container\">\n\t\t\t\t\t<div class=\"e-con-inner\">\n\t\t\t\t<div class=\"elementor-element elementor-element-3f390fb1 elementor-widget elementor-widget-text-editor\" data-id=\"3f390fb1\" data-element_type=\"widget\" data-e-type=\"widget\" data-widget_type=\"text-editor.default\">\n\t\t\t\t<div class=\"elementor-widget-container\">\n\t\t\t\t\t\t\t\t\t<p>Talky speichert keine sensiblen Daten unserer Benutzer, aber wenn Sie Ihren gesamten Benutzerverlauf, Ihren Benutzernamen und das Gameplay l\u00f6schen m\u00f6chten, k\u00f6nnen Sie dies mit diesen beiden einfachen Schritten tun:<\/p>\n<h2>Schritt 1: Gehen Sie zum Optionsmen\u00fc auf dem Hauptbildschirm.<\/h2>\n<p>Wie im folgenden Screenshot zu sehen ist:<\/p>\n<p><img fetchpriority=\"high\" decoding=\"async\" class=\"alignnone size-large wp-image-1363\" src=\"http:\/\/3.70.229.58\/wp-content\/uploads\/2024\/02\/Screenshot1-1024x461.png\" alt=\"\" width=\"800\" height=\"360\" srcset=\"https:\/\/www.talky-app.com\/wp-content\/uploads\/2024\/02\/Screenshot1-1024x461.png 1024w, https:\/\/www.talky-app.com\/wp-content\/uploads\/2024\/02\/Screenshot1-300x135.png 300w, https:\/\/www.talky-app.com\/wp-content\/uploads\/2024\/02\/Screenshot1-768x346.png 768w, https:\/\/www.talky-app.com\/wp-content\/uploads\/2024\/02\/Screenshot1-1536x691.png 1536w, https:\/\/www.talky-app.com\/wp-content\/uploads\/2024\/02\/Screenshot1-2048x922.png 2048w\" sizes=\"(max-width: 800px) 100vw, 800px\" \/><\/p>\n<h2>Schritt 2: W\u00e4hlen Sie die Option &#8222;Meine pers\u00f6nlichen Daten l\u00f6schen&#8220;, um alle Ihre Daten zu l\u00f6schen, oder die Option &#8222;Fortschritt zur\u00fccksetzen&#8220;, um nur die Daten \u00fcber Ihren Spielfortschritt zu l\u00f6schen.<\/h2>\n<p>Wie auf dem folgenden Screenshot zu sehen ist:<\/p>\n<p><img decoding=\"async\" class=\"alignnone size-large wp-image-1366\" src=\"http:\/\/3.70.229.58\/wp-content\/uploads\/2024\/02\/ScreenshotOptions-1024x461.png\" alt=\"\" width=\"800\" height=\"360\" srcset=\"https:\/\/www.talky-app.com\/wp-content\/uploads\/2024\/02\/ScreenshotOptions-1024x461.png 1024w, https:\/\/www.talky-app.com\/wp-content\/uploads\/2024\/02\/ScreenshotOptions-300x135.png 300w, https:\/\/www.talky-app.com\/wp-content\/uploads\/2024\/02\/ScreenshotOptions-768x346.png 768w, https:\/\/www.talky-app.com\/wp-content\/uploads\/2024\/02\/ScreenshotOptions-1536x691.png 1536w, https:\/\/www.talky-app.com\/wp-content\/uploads\/2024\/02\/ScreenshotOptions-2048x922.png 2048w\" sizes=\"(max-width: 800px) 100vw, 800px\" \/><\/p>\n\t\t\t\t\t\t\t\t<\/div>\n\t\t\t\t<\/div>\n\t\t<div class=\"elementor-element elementor-element-447621b e-con-full e-flex e-con e-child\" data-id=\"447621b\" data-element_type=\"container\" data-e-type=\"container\">\n\t\t\t\t<div class=\"elementor-element elementor-element-d127cdc elementor-widget elementor-widget-text-editor\" data-id=\"d127cdc\" data-element_type=\"widget\" data-e-type=\"widget\" data-widget_type=\"text-editor.default\">\n\t\t\t\t<div class=\"elementor-widget-container\">\n\t\t\t\t\t\t\t\t\t<p>Wenn Sie weitere Fragen zum L\u00f6schen Ihrer Daten haben, z\u00f6gern Sie nicht, uns unter claudia@talky-app.com <br \/>zu kontaktieren oder klicken Sie auf die Schaltfl\u00e4che unten.<\/p>\n<p>Talky GmbH<br \/>Franz\u00f6sische Str.<br \/>10117 Berlin<\/p><\/p>\n\t\t\t\t\t\t\t\t<\/div>\n\t\t\t\t<\/div>\n\t\t\t\t<\/div>\n\t\t\t\t\t<\/div>\n\t\t\t\t<\/div>\n\t\t\t\t<\/div>\n\t\t","protected":false},"excerpt":{"rendered":"<p>Talky speichert keine sensiblen Daten unserer Benutzer, aber wenn Sie Ihren gesamten Benutzerverlauf, Ihren Benutzernamen und das Gameplay l\u00f6schen m\u00f6chten, k\u00f6nnen Sie dies mit diesen beiden einfachen Schritten tun: Schritt 1: Gehen Sie zum Optionsmen\u00fc auf dem Hauptbildschirm. Wie im folgenden Screenshot zu sehen ist: Schritt 2: W\u00e4hlen Sie die Option &#8222;Meine pers\u00f6nlichen Daten l\u00f6schen&#8220;, [&hellip;]<\/p>\n","protected":false},"author":1,"featured_media":0,"parent":0,"menu_order":0,"comment_status":"closed","ping_status":"closed","template":"","meta":{"_monsterinsights_skip_tracking":false,"_monsterinsights_sitenote_active":false,"_monsterinsights_sitenote_note":"","_monsterinsights_sitenote_category":0,"footnotes":""},"class_list":["post-1785","page","type-page","status-publish","hentry"],"yoast_head":"<!-- This site is optimized with the Yoast SEO plugin v26.1.1 - https:\/\/yoast.com\/wordpress\/plugins\/seo\/ -->\n<title>L\u00f6sche alle meine Daten - Talky<\/title>\n<meta name=\"robots\" content=\"index, follow, max-snippet:-1, max-image-preview:large, max-video-preview:-1\" \/>\n<link rel=\"canonical\" href=\"https:\/\/www.talky-app.com\/de\/loesche-alle-meine-daten\/\" \/>\n<meta property=\"og:locale\" content=\"de_DE\" \/>\n<meta property=\"og:type\" content=\"article\" \/>\n<meta property=\"og:title\" content=\"L\u00f6sche alle meine Daten - Talky\" \/>\n<meta property=\"og:description\" content=\"Talky speichert keine sensiblen Daten unserer Benutzer, aber wenn Sie Ihren gesamten Benutzerverlauf, Ihren Benutzernamen und das Gameplay l\u00f6schen m\u00f6chten, k\u00f6nnen Sie dies mit diesen beiden einfachen Schritten tun: Schritt 1: Gehen Sie zum Optionsmen\u00fc auf dem Hauptbildschirm. Wie im folgenden Screenshot zu sehen ist: Schritt 2: W\u00e4hlen Sie die Option &#8222;Meine pers\u00f6nlichen Daten l\u00f6schen&#8220;, [&hellip;]\" \/>\n<meta property=\"og:url\" content=\"https:\/\/www.talky-app.com\/de\/loesche-alle-meine-daten\/\" \/>\n<meta property=\"og:site_name\" content=\"Talky\" \/>\n<meta property=\"article:modified_time\" content=\"2024-10-15T07:59:44+00:00\" \/>\n<meta property=\"og:image\" content=\"http:\/\/3.70.229.58\/wp-content\/uploads\/2024\/02\/Screenshot1-1024x461.png\" \/>\n<meta name=\"twitter:card\" content=\"summary_large_image\" \/>\n<meta name=\"twitter:label1\" content=\"Gesch\u00e4tzte Lesezeit\" \/>\n\t<meta name=\"twitter:data1\" content=\"1\u00a0Minute\" \/>\n<script type=\"application\/ld+json\" class=\"yoast-schema-graph\">{\"@context\":\"https:\/\/schema.org\",\"@graph\":[{\"@type\":\"WebPage\",\"@id\":\"https:\/\/www.talky-app.com\/de\/loesche-alle-meine-daten\/\",\"url\":\"https:\/\/www.talky-app.com\/de\/loesche-alle-meine-daten\/\",\"name\":\"L\u00f6sche alle meine Daten - Talky\",\"isPartOf\":{\"@id\":\"https:\/\/www.talky-app.com\/de\/#website\"},\"primaryImageOfPage\":{\"@id\":\"https:\/\/www.talky-app.com\/de\/loesche-alle-meine-daten\/#primaryimage\"},\"image\":{\"@id\":\"https:\/\/www.talky-app.com\/de\/loesche-alle-meine-daten\/#primaryimage\"},\"thumbnailUrl\":\"http:\/\/3.70.229.58\/wp-content\/uploads\/2024\/02\/Screenshot1-1024x461.png\",\"datePublished\":\"2024-02-27T09:56:29+00:00\",\"dateModified\":\"2024-10-15T07:59:44+00:00\",\"breadcrumb\":{\"@id\":\"https:\/\/www.talky-app.com\/de\/loesche-alle-meine-daten\/#breadcrumb\"},\"inLanguage\":\"de\",\"potentialAction\":[{\"@type\":\"ReadAction\",\"target\":[\"https:\/\/www.talky-app.com\/de\/loesche-alle-meine-daten\/\"]}]},{\"@type\":\"ImageObject\",\"inLanguage\":\"de\",\"@id\":\"https:\/\/www.talky-app.com\/de\/loesche-alle-meine-daten\/#primaryimage\",\"url\":\"http:\/\/3.70.229.58\/wp-content\/uploads\/2024\/02\/Screenshot1-1024x461.png\",\"contentUrl\":\"http:\/\/3.70.229.58\/wp-content\/uploads\/2024\/02\/Screenshot1-1024x461.png\"},{\"@type\":\"BreadcrumbList\",\"@id\":\"https:\/\/www.talky-app.com\/de\/loesche-alle-meine-daten\/#breadcrumb\",\"itemListElement\":[{\"@type\":\"ListItem\",\"position\":1,\"name\":\"Home\",\"item\":\"https:\/\/www.talky-app.com\/de\/\"},{\"@type\":\"ListItem\",\"position\":2,\"name\":\"L\u00f6sche alle meine Daten\"}]},{\"@type\":\"WebSite\",\"@id\":\"https:\/\/www.talky-app.com\/de\/#website\",\"url\":\"https:\/\/www.talky-app.com\/de\/\",\"name\":\"Talky\",\"description\":\"Sprachlern-App f\u00fcr 8-12 j\u00e4hrige Kinder\",\"publisher\":{\"@id\":\"https:\/\/www.talky-app.com\/de\/#organization\"},\"potentialAction\":[{\"@type\":\"SearchAction\",\"target\":{\"@type\":\"EntryPoint\",\"urlTemplate\":\"https:\/\/www.talky-app.com\/de\/?s={search_term_string}\"},\"query-input\":{\"@type\":\"PropertyValueSpecification\",\"valueRequired\":true,\"valueName\":\"search_term_string\"}}],\"inLanguage\":\"de\"},{\"@type\":\"Organization\",\"@id\":\"https:\/\/www.talky-app.com\/de\/#organization\",\"name\":\"Talky GmbH\",\"url\":\"https:\/\/www.talky-app.com\/de\/\",\"logo\":{\"@type\":\"ImageObject\",\"inLanguage\":\"de\",\"@id\":\"https:\/\/www.talky-app.com\/de\/#\/schema\/logo\/image\/\",\"url\":\"https:\/\/www.talky-app.com\/wp-content\/uploads\/2024\/01\/logotalky.png\",\"contentUrl\":\"https:\/\/www.talky-app.com\/wp-content\/uploads\/2024\/01\/logotalky.png\",\"width\":280,\"height\":90,\"caption\":\"Talky GmbH\"},\"image\":{\"@id\":\"https:\/\/www.talky-app.com\/de\/#\/schema\/logo\/image\/\"}}]}<\/script>\n<!-- \/ Yoast SEO plugin. -->","yoast_head_json":{"title":"L\u00f6sche alle meine Daten - Talky","robots":{"index":"index","follow":"follow","max-snippet":"max-snippet:-1","max-image-preview":"max-image-preview:large","max-video-preview":"max-video-preview:-1"},"canonical":"https:\/\/www.talky-app.com\/de\/loesche-alle-meine-daten\/","og_locale":"de_DE","og_type":"article","og_title":"L\u00f6sche alle meine Daten - Talky","og_description":"Talky speichert keine sensiblen Daten unserer Benutzer, aber wenn Sie Ihren gesamten Benutzerverlauf, Ihren Benutzernamen und das Gameplay l\u00f6schen m\u00f6chten, k\u00f6nnen Sie dies mit diesen beiden einfachen Schritten tun: Schritt 1: Gehen Sie zum Optionsmen\u00fc auf dem Hauptbildschirm. Wie im folgenden Screenshot zu sehen ist: Schritt 2: W\u00e4hlen Sie die Option &#8222;Meine pers\u00f6nlichen Daten l\u00f6schen&#8220;, [&hellip;]","og_url":"https:\/\/www.talky-app.com\/de\/loesche-alle-meine-daten\/","og_site_name":"Talky","article_modified_time":"2024-10-15T07:59:44+00:00","og_image":[{"url":"http:\/\/3.70.229.58\/wp-content\/uploads\/2024\/02\/Screenshot1-1024x461.png","type":"","width":"","height":""}],"twitter_card":"summary_large_image","twitter_misc":{"Gesch\u00e4tzte Lesezeit":"1\u00a0Minute"},"schema":{"@context":"https:\/\/schema.org","@graph":[{"@type":"WebPage","@id":"https:\/\/www.talky-app.com\/de\/loesche-alle-meine-daten\/","url":"https:\/\/www.talky-app.com\/de\/loesche-alle-meine-daten\/","name":"L\u00f6sche alle meine Daten - Talky","isPartOf":{"@id":"https:\/\/www.talky-app.com\/de\/#website"},"primaryImageOfPage":{"@id":"https:\/\/www.talky-app.com\/de\/loesche-alle-meine-daten\/#primaryimage"},"image":{"@id":"https:\/\/www.talky-app.com\/de\/loesche-alle-meine-daten\/#primaryimage"},"thumbnailUrl":"http:\/\/3.70.229.58\/wp-content\/uploads\/2024\/02\/Screenshot1-1024x461.png","datePublished":"2024-02-27T09:56:29+00:00","dateModified":"2024-10-15T07:59:44+00:00","breadcrumb":{"@id":"https:\/\/www.talky-app.com\/de\/loesche-alle-meine-daten\/#breadcrumb"},"inLanguage":"de","potentialAction":[{"@type":"ReadAction","target":["https:\/\/www.talky-app.com\/de\/loesche-alle-meine-daten\/"]}]},{"@type":"ImageObject","inLanguage":"de","@id":"https:\/\/www.talky-app.com\/de\/loesche-alle-meine-daten\/#primaryimage","url":"http:\/\/3.70.229.58\/wp-content\/uploads\/2024\/02\/Screenshot1-1024x461.png","contentUrl":"http:\/\/3.70.229.58\/wp-content\/uploads\/2024\/02\/Screenshot1-1024x461.png"},{"@type":"BreadcrumbList","@id":"https:\/\/www.talky-app.com\/de\/loesche-alle-meine-daten\/#breadcrumb","itemListElement":[{"@type":"ListItem","position":1,"name":"Home","item":"https:\/\/www.talky-app.com\/de\/"},{"@type":"ListItem","position":2,"name":"L\u00f6sche alle meine Daten"}]},{"@type":"WebSite","@id":"https:\/\/www.talky-app.com\/de\/#website","url":"https:\/\/www.talky-app.com\/de\/","name":"Talky","description":"Sprachlern-App f\u00fcr 8-12 j\u00e4hrige Kinder","publisher":{"@id":"https:\/\/www.talky-app.com\/de\/#organization"},"potentialAction":[{"@type":"SearchAction","target":{"@type":"EntryPoint","urlTemplate":"https:\/\/www.talky-app.com\/de\/?s={search_term_string}"},"query-input":{"@type":"PropertyValueSpecification","valueRequired":true,"valueName":"search_term_string"}}],"inLanguage":"de"},{"@type":"Organization","@id":"https:\/\/www.talky-app.com\/de\/#organization","name":"Talky GmbH","url":"https:\/\/www.talky-app.com\/de\/","logo":{"@type":"ImageObject","inLanguage":"de","@id":"https:\/\/www.talky-app.com\/de\/#\/schema\/logo\/image\/","url":"https:\/\/www.talky-app.com\/wp-content\/uploads\/2024\/01\/logotalky.png","contentUrl":"https:\/\/www.talky-app.com\/wp-content\/uploads\/2024\/01\/logotalky.png","width":280,"height":90,"caption":"Talky GmbH"},"image":{"@id":"https:\/\/www.talky-app.com\/de\/#\/schema\/logo\/image\/"}}]}},"_links":{"self":[{"href":"https:\/\/www.talky-app.com\/de\/wp-json\/wp\/v2\/pages\/1785","targetHints":{"allow":["GET"]}}],"collection":[{"href":"https:\/\/www.talky-app.com\/de\/wp-json\/wp\/v2\/pages"}],"about":[{"href":"https:\/\/www.talky-app.com\/de\/wp-json\/wp\/v2\/types\/page"}],"author":[{"embeddable":true,"href":"https:\/\/www.talky-app.com\/de\/wp-json\/wp\/v2\/users\/1"}],"replies":[{"embeddable":true,"href":"https:\/\/www.talky-app.com\/de\/wp-json\/wp\/v2\/comments?post=1785"}],"version-history":[{"count":2,"href":"https:\/\/www.talky-app.com\/de\/wp-json\/wp\/v2\/pages\/1785\/revisions"}],"predecessor-version":[{"id":2399,"href":"https:\/\/www.talky-app.com\/de\/wp-json\/wp\/v2\/pages\/1785\/revisions\/2399"}],"wp:attachment":[{"href":"https:\/\/www.talky-app.com\/de\/wp-json\/wp\/v2\/media?parent=1785"}],"curies":[{"name":"wp","href":"https:\/\/api.w.org\/{rel}","templated":true}]}}