{"id":2392,"date":"2024-01-06T10:17:05","date_gmt":"2024-01-06T10:17:05","guid":{"rendered":"https:\/\/www.talky-app.com\/kontaktieren-sie-uns\/"},"modified":"2025-10-10T13:15:21","modified_gmt":"2025-10-10T13:15:21","slug":"kontaktieren-sie-uns","status":"publish","type":"page","link":"https:\/\/www.talky-app.com\/de\/kontaktieren-sie-uns\/","title":{"rendered":"Kontakt"},"content":{"rendered":"\t\t<div data-elementor-type=\"wp-page\" data-elementor-id=\"2392\" class=\"elementor elementor-2392 elementor-144\" data-elementor-post-type=\"page\">\n\t\t\t\t<div class=\"elementor-element elementor-element-f7b3801 e-flex e-con-boxed e-con e-parent\" data-id=\"f7b3801\" data-element_type=\"container\" data-e-type=\"container\" data-settings=\"{&quot;background_background&quot;:&quot;slideshow&quot;,&quot;background_slideshow_gallery&quot;:[],&quot;background_slideshow_loop&quot;:&quot;yes&quot;,&quot;background_slideshow_slide_duration&quot;:5000,&quot;background_slideshow_slide_transition&quot;:&quot;fade&quot;,&quot;background_slideshow_transition_duration&quot;:500}\">\n\t\t\t\t\t<div class=\"e-con-inner\">\n\t\t\t\t<div class=\"elementor-element elementor-element-1ed58d8 elementor-widget elementor-widget-heading\" data-id=\"1ed58d8\" data-element_type=\"widget\" data-e-type=\"widget\" data-widget_type=\"heading.default\">\n\t\t\t\t<div class=\"elementor-widget-container\">\n\t\t\t\t\t<h2 class=\"elementor-heading-title elementor-size-default\">Sprich <b>uns<\/b> an!<\/h2>\t\t\t\t<\/div>\n\t\t\t\t<\/div>\n\t\t\t\t<div class=\"elementor-element elementor-element-655c4c1 elementor-widget elementor-widget-text-editor\" data-id=\"655c4c1\" data-element_type=\"widget\" data-e-type=\"widget\" data-widget_type=\"text-editor.default\">\n\t\t\t\t<div class=\"elementor-widget-container\">\n\t\t\t\t\t\t\t\t\t<h3>Haben Sie Kommentare, Fragen oder einen Fehler gefunden? Sind Sie daran interessiert, unserem Team beizutreten? <strong>Wir w\u00fcrden uns freuen, von Ihnen zu h\u00f6ren &#8211; kontaktieren Sie<\/strong>uns \u00fcber unser Kontaktformular!   <\/h3>\t\t\t\t\t\t\t\t<\/div>\n\t\t\t\t<\/div>\n\t\t\t\t\t<\/div>\n\t\t\t\t<\/div>\n\t\t<div class=\"elementor-element elementor-element-b09da8d e-flex e-con-boxed e-con e-parent\" data-id=\"b09da8d\" data-element_type=\"container\" data-e-type=\"container\">\n\t\t\t\t\t<div class=\"e-con-inner\">\n\t\t\t\t<div class=\"elementor-element elementor-element-0c09121 elementor-button-align-stretch elementor-widget elementor-widget-form\" data-id=\"0c09121\" data-element_type=\"widget\" data-e-type=\"widget\" data-settings=\"{&quot;step_next_label&quot;:&quot;N\\u00e4chste&quot;,&quot;step_previous_label&quot;:&quot;Zur\\u00fcck&quot;,&quot;button_width&quot;:&quot;100&quot;,&quot;step_type&quot;:&quot;number_text&quot;,&quot;step_icon_shape&quot;:&quot;circle&quot;}\" data-widget_type=\"form.default\">\n\t\t\t\t<div class=\"elementor-widget-container\">\n\t\t\t\t\t\t\t<form class=\"elementor-form\" method=\"post\" name=\"Kontakt-Formular\" aria-label=\"Kontakt-Formular\">\n\t\t\t<input type=\"hidden\" name=\"post_id\" value=\"2392\"\/>\n\t\t\t<input type=\"hidden\" name=\"form_id\" value=\"0c09121\"\/>\n\t\t\t<input type=\"hidden\" name=\"referer_title\" value=\"Kontakt - Talky\" \/>\n\n\t\t\t\t\t\t\t<input type=\"hidden\" name=\"queried_id\" value=\"2392\"\/>\n\t\t\t\n\t\t\t<div class=\"elementor-form-fields-wrapper elementor-labels-above\">\n\t\t\t\t\t\t\t\t<div class=\"elementor-field-type-text elementor-field-group elementor-column elementor-field-group-name elementor-col-100 elementor-field-required elementor-mark-required\">\n\t\t\t\t\t\t\t\t\t\t\t\t<label for=\"form-field-name\" class=\"elementor-field-label\">\n\t\t\t\t\t\t\t\tName\t\t\t\t\t\t\t<\/label>\n\t\t\t\t\t\t\t\t\t\t\t\t\t\t<input size=\"1\" type=\"text\" name=\"form_fields[name]\" id=\"form-field-name\" class=\"elementor-field elementor-size-md  elementor-field-textual\" placeholder=\"Name\" required=\"required\">\n\t\t\t\t\t\t\t\t\t\t\t<\/div>\n\t\t\t\t\t\t\t\t<div class=\"elementor-field-type-email elementor-field-group elementor-column elementor-field-group-Email elementor-col-100 elementor-field-required elementor-mark-required\">\n\t\t\t\t\t\t\t\t\t\t\t\t<label for=\"form-field-Email\" class=\"elementor-field-label\">\n\t\t\t\t\t\t\t\tE-Mail\t\t\t\t\t\t\t<\/label>\n\t\t\t\t\t\t\t\t\t\t\t\t\t\t<input size=\"1\" type=\"email\" name=\"form_fields[Email]\" id=\"form-field-Email\" class=\"elementor-field elementor-size-md  elementor-field-textual\" placeholder=\"E-Mail\" required=\"required\">\n\t\t\t\t\t\t\t\t\t\t\t<\/div>\n\t\t\t\t\t\t\t\t<div class=\"elementor-field-type-textarea elementor-field-group elementor-column elementor-field-group-message elementor-col-100 elementor-field-required elementor-mark-required\">\n\t\t\t\t\t\t\t\t\t\t\t\t<label for=\"form-field-message\" class=\"elementor-field-label\">\n\t\t\t\t\t\t\t\tNachricht\t\t\t\t\t\t\t<\/label>\n\t\t\t\t\t\t<textarea class=\"elementor-field-textual elementor-field  elementor-size-md\" name=\"form_fields[message]\" id=\"form-field-message\" rows=\"6\" placeholder=\"Nachricht\" required=\"required\"><\/textarea>\t\t\t\t<\/div>\n\t\t\t\t\t\t\t\t<div class=\"elementor-field-type-recaptcha elementor-field-group elementor-column elementor-field-group-field_e77c934 elementor-col-100\">\n\t\t\t\t\t<div class=\"elementor-field\" id=\"form-field-field_e77c934\"><div class=\"elementor-g-recaptcha\" data-sitekey=\"6LchFZEqAAAAANLlYCJ3LEurRa9M8XHff4gdtrtR\" data-type=\"v2_checkbox\" data-theme=\"light\" data-size=\"normal\"><\/div><\/div>\t\t\t\t<\/div>\n\t\t\t\t\t\t\t\t<div class=\"elementor-field-group elementor-column elementor-field-type-submit elementor-col-100 e-form__buttons\">\n\t\t\t\t\t<button class=\"elementor-button elementor-size-sm\" type=\"submit\">\n\t\t\t\t\t\t<span class=\"elementor-button-content-wrapper\">\n\t\t\t\t\t\t\t\t\t\t\t\t\t\t\t\t\t\t\t\t\t\t<span class=\"elementor-button-text\">Senden<\/span>\n\t\t\t\t\t\t\t\t\t\t\t\t\t<\/span>\n\t\t\t\t\t<\/button>\n\t\t\t\t<\/div>\n\t\t\t<\/div>\n\t\t<\/form>\n\t\t\t\t\t\t<\/div>\n\t\t\t\t<\/div>\n\t\t\t\t\t<\/div>\n\t\t\t\t<\/div>\n\t\t\t\t<\/div>\n\t\t","protected":false},"excerpt":{"rendered":"<p>Sprich uns an! Haben Sie Kommentare, Fragen oder einen Fehler gefunden? Sind Sie daran interessiert, unserem Team beizutreten? Wir w\u00fcrden uns freuen, von Ihnen zu h\u00f6ren &#8211; kontaktieren Sieuns \u00fcber unser Kontaktformular!<\/p>\n","protected":false},"author":1,"featured_media":0,"parent":0,"menu_order":0,"comment_status":"closed","ping_status":"closed","template":"elementor_header_footer","meta":{"_monsterinsights_skip_tracking":false,"_monsterinsights_sitenote_active":false,"_monsterinsights_sitenote_note":"","_monsterinsights_sitenote_category":0,"footnotes":""},"class_list":["post-2392","page","type-page","status-publish","hentry"],"yoast_head":"<!-- This site is optimized with the Yoast SEO plugin v26.1.1 - https:\/\/yoast.com\/wordpress\/plugins\/seo\/ -->\n<title>Kontakt - Talky<\/title>\n<meta name=\"robots\" content=\"index, follow, max-snippet:-1, max-image-preview:large, max-video-preview:-1\" \/>\n<link rel=\"canonical\" href=\"https:\/\/www.talky-app.com\/de\/kontaktieren-sie-uns\/\" \/>\n<meta property=\"og:locale\" content=\"de_DE\" \/>\n<meta property=\"og:type\" content=\"article\" \/>\n<meta property=\"og:title\" content=\"Kontakt - Talky\" \/>\n<meta property=\"og:description\" content=\"Sprich uns an! Haben Sie Kommentare, Fragen oder einen Fehler gefunden? Sind Sie daran interessiert, unserem Team beizutreten? Wir w\u00fcrden uns freuen, von Ihnen zu h\u00f6ren &#8211; kontaktieren Sieuns \u00fcber unser Kontaktformular!\" \/>\n<meta property=\"og:url\" content=\"https:\/\/www.talky-app.com\/de\/kontaktieren-sie-uns\/\" \/>\n<meta property=\"og:site_name\" content=\"Talky\" \/>\n<meta property=\"article:modified_time\" content=\"2025-10-10T13:15:21+00:00\" \/>\n<meta property=\"og:image\" content=\"https:\/\/www.talky-app.com\/wp-content\/uploads\/2024\/02\/TalkyOG.jpeg\" \/>\n\t<meta property=\"og:image:width\" content=\"1920\" \/>\n\t<meta property=\"og:image:height\" content=\"1080\" \/>\n\t<meta property=\"og:image:type\" content=\"image\/jpeg\" \/>\n<meta name=\"twitter:card\" content=\"summary_large_image\" \/>\n<script type=\"application\/ld+json\" class=\"yoast-schema-graph\">{\"@context\":\"https:\/\/schema.org\",\"@graph\":[{\"@type\":\"WebPage\",\"@id\":\"https:\/\/www.talky-app.com\/de\/kontaktieren-sie-uns\/\",\"url\":\"https:\/\/www.talky-app.com\/de\/kontaktieren-sie-uns\/\",\"name\":\"Kontakt - Talky\",\"isPartOf\":{\"@id\":\"https:\/\/www.talky-app.com\/de\/#website\"},\"datePublished\":\"2024-01-06T10:17:05+00:00\",\"dateModified\":\"2025-10-10T13:15:21+00:00\",\"breadcrumb\":{\"@id\":\"https:\/\/www.talky-app.com\/de\/kontaktieren-sie-uns\/#breadcrumb\"},\"inLanguage\":\"de\",\"potentialAction\":[{\"@type\":\"ReadAction\",\"target\":[\"https:\/\/www.talky-app.com\/de\/kontaktieren-sie-uns\/\"]}]},{\"@type\":\"BreadcrumbList\",\"@id\":\"https:\/\/www.talky-app.com\/de\/kontaktieren-sie-uns\/#breadcrumb\",\"itemListElement\":[{\"@type\":\"ListItem\",\"position\":1,\"name\":\"Home\",\"item\":\"https:\/\/www.talky-app.com\/de\/\"},{\"@type\":\"ListItem\",\"position\":2,\"name\":\"Kontakt\"}]},{\"@type\":\"WebSite\",\"@id\":\"https:\/\/www.talky-app.com\/de\/#website\",\"url\":\"https:\/\/www.talky-app.com\/de\/\",\"name\":\"Talky\",\"description\":\"Sprachlern-App f\u00fcr 8-12 j\u00e4hrige Kinder\",\"publisher\":{\"@id\":\"https:\/\/www.talky-app.com\/de\/#organization\"},\"potentialAction\":[{\"@type\":\"SearchAction\",\"target\":{\"@type\":\"EntryPoint\",\"urlTemplate\":\"https:\/\/www.talky-app.com\/de\/?s={search_term_string}\"},\"query-input\":{\"@type\":\"PropertyValueSpecification\",\"valueRequired\":true,\"valueName\":\"search_term_string\"}}],\"inLanguage\":\"de\"},{\"@type\":\"Organization\",\"@id\":\"https:\/\/www.talky-app.com\/de\/#organization\",\"name\":\"Talky GmbH\",\"url\":\"https:\/\/www.talky-app.com\/de\/\",\"logo\":{\"@type\":\"ImageObject\",\"inLanguage\":\"de\",\"@id\":\"https:\/\/www.talky-app.com\/de\/#\/schema\/logo\/image\/\",\"url\":\"https:\/\/www.talky-app.com\/wp-content\/uploads\/2024\/01\/logotalky.png\",\"contentUrl\":\"https:\/\/www.talky-app.com\/wp-content\/uploads\/2024\/01\/logotalky.png\",\"width\":280,\"height\":90,\"caption\":\"Talky GmbH\"},\"image\":{\"@id\":\"https:\/\/www.talky-app.com\/de\/#\/schema\/logo\/image\/\"}}]}<\/script>\n<!-- \/ Yoast SEO plugin. -->","yoast_head_json":{"title":"Kontakt - Talky","robots":{"index":"index","follow":"follow","max-snippet":"max-snippet:-1","max-image-preview":"max-image-preview:large","max-video-preview":"max-video-preview:-1"},"canonical":"https:\/\/www.talky-app.com\/de\/kontaktieren-sie-uns\/","og_locale":"de_DE","og_type":"article","og_title":"Kontakt - Talky","og_description":"Sprich uns an! Haben Sie Kommentare, Fragen oder einen Fehler gefunden? Sind Sie daran interessiert, unserem Team beizutreten? Wir w\u00fcrden uns freuen, von Ihnen zu h\u00f6ren &#8211; kontaktieren Sieuns \u00fcber unser Kontaktformular!","og_url":"https:\/\/www.talky-app.com\/de\/kontaktieren-sie-uns\/","og_site_name":"Talky","article_modified_time":"2025-10-10T13:15:21+00:00","og_image":[{"width":1920,"height":1080,"url":"https:\/\/www.talky-app.com\/wp-content\/uploads\/2024\/02\/TalkyOG.jpeg","type":"image\/jpeg"}],"twitter_card":"summary_large_image","schema":{"@context":"https:\/\/schema.org","@graph":[{"@type":"WebPage","@id":"https:\/\/www.talky-app.com\/de\/kontaktieren-sie-uns\/","url":"https:\/\/www.talky-app.com\/de\/kontaktieren-sie-uns\/","name":"Kontakt - Talky","isPartOf":{"@id":"https:\/\/www.talky-app.com\/de\/#website"},"datePublished":"2024-01-06T10:17:05+00:00","dateModified":"2025-10-10T13:15:21+00:00","breadcrumb":{"@id":"https:\/\/www.talky-app.com\/de\/kontaktieren-sie-uns\/#breadcrumb"},"inLanguage":"de","potentialAction":[{"@type":"ReadAction","target":["https:\/\/www.talky-app.com\/de\/kontaktieren-sie-uns\/"]}]},{"@type":"BreadcrumbList","@id":"https:\/\/www.talky-app.com\/de\/kontaktieren-sie-uns\/#breadcrumb","itemListElement":[{"@type":"ListItem","position":1,"name":"Home","item":"https:\/\/www.talky-app.com\/de\/"},{"@type":"ListItem","position":2,"name":"Kontakt"}]},{"@type":"WebSite","@id":"https:\/\/www.talky-app.com\/de\/#website","url":"https:\/\/www.talky-app.com\/de\/","name":"Talky","description":"Sprachlern-App f\u00fcr 8-12 j\u00e4hrige Kinder","publisher":{"@id":"https:\/\/www.talky-app.com\/de\/#organization"},"potentialAction":[{"@type":"SearchAction","target":{"@type":"EntryPoint","urlTemplate":"https:\/\/www.talky-app.com\/de\/?s={search_term_string}"},"query-input":{"@type":"PropertyValueSpecification","valueRequired":true,"valueName":"search_term_string"}}],"inLanguage":"de"},{"@type":"Organization","@id":"https:\/\/www.talky-app.com\/de\/#organization","name":"Talky GmbH","url":"https:\/\/www.talky-app.com\/de\/","logo":{"@type":"ImageObject","inLanguage":"de","@id":"https:\/\/www.talky-app.com\/de\/#\/schema\/logo\/image\/","url":"https:\/\/www.talky-app.com\/wp-content\/uploads\/2024\/01\/logotalky.png","contentUrl":"https:\/\/www.talky-app.com\/wp-content\/uploads\/2024\/01\/logotalky.png","width":280,"height":90,"caption":"Talky GmbH"},"image":{"@id":"https:\/\/www.talky-app.com\/de\/#\/schema\/logo\/image\/"}}]}},"_links":{"self":[{"href":"https:\/\/www.talky-app.com\/de\/wp-json\/wp\/v2\/pages\/2392","targetHints":{"allow":["GET"]}}],"collection":[{"href":"https:\/\/www.talky-app.com\/de\/wp-json\/wp\/v2\/pages"}],"about":[{"href":"https:\/\/www.talky-app.com\/de\/wp-json\/wp\/v2\/types\/page"}],"author":[{"embeddable":true,"href":"https:\/\/www.talky-app.com\/de\/wp-json\/wp\/v2\/users\/1"}],"replies":[{"embeddable":true,"href":"https:\/\/www.talky-app.com\/de\/wp-json\/wp\/v2\/comments?post=2392"}],"version-history":[{"count":7,"href":"https:\/\/www.talky-app.com\/de\/wp-json\/wp\/v2\/pages\/2392\/revisions"}],"predecessor-version":[{"id":3395,"href":"https:\/\/www.talky-app.com\/de\/wp-json\/wp\/v2\/pages\/2392\/revisions\/3395"}],"wp:attachment":[{"href":"https:\/\/www.talky-app.com\/de\/wp-json\/wp\/v2\/media?parent=2392"}],"curies":[{"name":"wp","href":"https:\/\/api.w.org\/{rel}","templated":true}]}}