{"id":1675,"date":"2024-01-07T18:43:09","date_gmt":"2024-01-07T18:43:09","guid":{"rendered":"http:\/\/3.70.229.58\/privacy-policy\/"},"modified":"2024-12-09T12:25:38","modified_gmt":"2024-12-09T12:25:38","slug":"privacy-policy","status":"publish","type":"page","link":"https:\/\/www.talky-app.com\/es\/privacy-policy\/","title":{"rendered":"P\u00f3litica de privacidad"},"content":{"rendered":"\t\t<div data-elementor-type=\"wp-page\" data-elementor-id=\"1675\" class=\"elementor elementor-1675 elementor-256\" data-elementor-post-type=\"page\">\n\t\t\t\t<div class=\"elementor-element elementor-element-28f5806 e-flex e-con-boxed e-con e-parent\" data-id=\"28f5806\" data-element_type=\"container\" data-e-type=\"container\">\n\t\t\t\t\t<div class=\"e-con-inner\">\n\t\t\t\t<div class=\"elementor-element elementor-element-174f9b8 elementor-widget elementor-widget-heading\" data-id=\"174f9b8\" data-element_type=\"widget\" data-e-type=\"widget\" data-widget_type=\"heading.default\">\n\t\t\t\t<div class=\"elementor-widget-container\">\n\t\t\t\t\t<h1 class=\"elementor-heading-title elementor-size-default\">P\u00f3litica de privacidad<\/h1>\t\t\t\t<\/div>\n\t\t\t\t<\/div>\n\t\t\t\t<div class=\"elementor-element elementor-element-9f83165 elementor-widget elementor-widget-text-editor\" data-id=\"9f83165\" data-element_type=\"widget\" data-e-type=\"widget\" data-widget_type=\"text-editor.default\">\n\t\t\t\t<div class=\"elementor-widget-container\">\n\t\t\t\t\t\t\t\t\t<p><span style=\"font-weight: bolder;\">Introducci\u00f3n<\/span><\/p><p>Talky GmbH es responsable de Talky-App.com (el \u00abSitio Web\u00bb) y est\u00e1 comprometida con la protecci\u00f3n de la privacidad de las personas (\u00abUsted\/es\u00bb) que utilizan el Sitio Web y nuestros servicios. Esta Pol\u00edtica de Privacidad (la \u00abPol\u00edtica\u00bb) explica nuestras pr\u00e1cticas con respecto al uso de datos personales recopilados y procesados a trav\u00e9s de nuestro Sitio Web y en comunicaciones con usted.<\/p><p><span style=\"font-weight: bolder;\">Resumen<\/span><\/p><p>Talky App recopila y procesa los siguientes tipos de datos: (1) datos proporcionados por los usuarios al completar los formularios web, (2) datos de registro, (3) navegaci\u00f3n web y (4) datos proporcionados al completar encuestas. Estos datos ser\u00e1n utilizados por nosotros para proporcionar los servicios de TALKY APP a usted y otros fines establecidos a continuaci\u00f3n.<\/p><p>Mantenemos la seguridad y confidencialidad de sus datos de acuerdo con la ley aplicable y no haremos p\u00fablicos sus datos personales.<\/p><p>Al completar y enviar sus datos personales a TALKY APP a trav\u00e9s de cualquier registro en l\u00ednea u otros formularios presentados en nuestro Sitio Web, usted declara haber le\u00eddo y aceptado los t\u00e9rminos de esta Pol\u00edtica. Si ha consentido la recepci\u00f3n de comunicaciones comerciales, puede revocar el consentimiento en cualquier momento escribiendo a support@talky.tech\u00a0acompa\u00f1ado de una prueba de su identidad (copia de la tarjeta de identificaci\u00f3n o pasaporte). Estamos supervisados por la Agencia Espa\u00f1ola de Protecci\u00f3n de Datos.<\/p><p>Lea cuidadosamente el texto a continuaci\u00f3n para obtener los detalles completos de esta Pol\u00edtica de Privacidad.<\/p><p><span style=\"font-weight: bolder;\">Comunicaciones Comerciales<\/span><\/p><p>Si marca la casilla correspondiente o nos proporciona espec\u00edficamente su correo electr\u00f3nico para fines de comunicaci\u00f3n comercial, usted consiente recibir comunicaciones comerciales de nuestra parte sobre nuestros servicios y otros. Si posteriormente no desea recibir informaci\u00f3n comercial sobre nosotros y otros servicios, puede optar por no recibirlos enviando una notificaci\u00f3n a support@talky.tech\u00a0o haciendo clic en el enlace de cancelaci\u00f3n de suscripci\u00f3n en nuestras comunicaciones por correo electr\u00f3nico.<\/p><p><span style=\"font-weight: bolder;\">RESPONSABLE DEL TRATAMIENTO<\/span><\/p><p>La entidad responsable de sus datos de registro es:<\/p><p>Talky GmbH Franz\u00f6sische Str. 20 10117 Berl\u00edn Registro Mercantil: 249285B Registro de Empresas: Charlottenburg Responsable: Claudia Heyn support@talky.tech<\/p><p>Todas las comunicaciones relacionadas con el procesamiento de sus datos personales deben dirigirse a\u00a0<a target=\"_new\">claudia@3.70.229.58<\/a>.<\/p><p><span style=\"font-weight: bolder;\">INFORMACI\u00d3N PERSONAL QUE RECOPILAMOS SOBRE USTED Y C\u00d3MO LA UTILIZAMOS<\/span><\/p><p>2.1 Datos que recopilamos y procesamos y bases legales Recopilamos y procesamos los siguientes datos de los usuarios de nuestra plataforma:<\/p><p><span style=\"font-weight: bolder;\">Datos: Formularios de contacto<\/span><\/p><p>Si completa alg\u00fan formulario web (Cont\u00e1ctenos, Solicitud de colaboraci\u00f3n con nosotros, Encuestas), recopilamos los datos personales que indica en los formularios, incluyendo su nombre completo, direcci\u00f3n de correo electr\u00f3nico y\/o su pa\u00eds y su mensaje.<\/p><p><span style=\"font-weight: bolder;\">Prop\u00f3sito:<\/span><\/p><p>Responder a su solicitud sobre nuestro negocio o sus servicios relacionados.<\/p><p>Base Legal: Su consentimiento.<\/p><p><span style=\"font-weight: bolder;\">Datos: Navegaci\u00f3n<\/span><\/p><p>Debido a los est\u00e1ndares de comunicaciones en Internet, cuando visita nuestro sitio web, recibimos autom\u00e1ticamente la URL del sitio desde el cual viene y el sitio que visita cuando sale de nuestro sitio web. Tambi\u00e9n recibimos la direcci\u00f3n de protocolo de internet (\u00abIP\u00bb) de su computadora y el tipo de navegador que est\u00e1 utilizando.<\/p><p>Prop\u00f3sito: Utilizamos esta informaci\u00f3n para analizar las tendencias globales para mejorar el servicio.<\/p><p>Base Legal: Su consentimiento (puede encontrar m\u00e1s informaci\u00f3n en nuestra Pol\u00edtica de Cookies).<\/p><p>En ciertas circunstancias, podemos procesar sus datos de acuerdo con esta pol\u00edtica para cumplir con una obligaci\u00f3n legal o regulatoria a la que estamos sujetos.<\/p><p>Los campos de los formularios web que deben ser completados est\u00e1n indicados como obligatorios.<\/p><p>Es importante que los datos personales que tenemos sobre usted sean precisos y actuales. Usted es responsable de la precisi\u00f3n de la informaci\u00f3n que nos proporciona y se espera que actualice cualquier informaci\u00f3n que nos proporcione.<\/p><p>2.2 Datos Prohibidos En todos los casos, est\u00e1 prohibido enviarnos o cargar cualquier dato que contenga datos personales sensibles relacionados con personas identificables, como: su origen racial y\/o el de un tercero, membres\u00eda en un sindicato, religi\u00f3n, ideolog\u00eda o vida sexual; su salud y\/o la de un tercero; o su comisi\u00f3n de delitos y\/o la de un tercero o su participaci\u00f3n en procedimientos penales, y las penas o multas asociadas.<\/p><p><span style=\"font-weight: bolder;\">DIVULGACI\u00d3N DE DATOS<\/span><\/p><p>Mantenemos sus datos personales confidenciales de acuerdo con la legislaci\u00f3n aplicable, por lo que, a menos que se indique lo contrario aqu\u00ed, sus datos personales no ser\u00e1n proporcionados a terceros. TALKY no vende ni cede a terceros listas con datos personales, ni de ning\u00fan otro tipo, ni genera ning\u00fan tipo de ingresos de terceros por los datos recopilados de estas p\u00e1ginas.<\/p><p>Sin embargo, podemos divulgar ciertos datos personales de la siguiente manera:<\/p><p>Podemos dar acceso a sus datos personales a nuestros proveedores de servicios bajo contratos para la prestaci\u00f3n de servicios en favor de la empresa. Exigimos que todos los terceros respeten la seguridad de sus datos personales y los procesen de acuerdo con la ley. No permitimos que nuestros proveedores de servicios externos utilicen sus datos personales para sus propios fines y solo les permitimos procesar sus datos personales para fines espec\u00edficos y de acuerdo con nuestras instrucciones.<\/p><p>Podemos poner los datos personales a disposici\u00f3n de cualquier empresa interesada en comprar o comprar la Compa\u00f1\u00eda o una parte del negocio y, en consecuencia, dar acceso a cualquier auditor nacional o internacional para llevar a cabo su \u00abdebida diligencia\u00bb.<\/p><p>Podemos poner los datos a disposici\u00f3n de las autoridades para investigar sospechas de fraude, acoso u otras violaciones de cualquier ley, regla o regulaci\u00f3n, o las pol\u00edticas del Sitio Web.<\/p><p><span style=\"font-weight: bolder;\">TRANSFERENCIAS INTERNACIONALES (PROVEEDORES DE SERVICIOS DE TERCEROS)<\/span><\/p><p>Utilizamos servicios de terceros para proporcionar nuestros Servicios, algunos de los cuales est\u00e1n ubicados en los EE. UU., un pa\u00eds que no ofrece garant\u00edas generales adecuadas para la protecci\u00f3n de datos personales, firmamos un acuerdo con dichos proveedores con las garant\u00edas contractuales requeridas por la ley, como las llamadas \u00abcl\u00e1usulas contractuales est\u00e1ndar\u00bb aprobadas por la Comisi\u00f3n de la UE. Puede contactarnos para consultar u obtener copias de estos acuerdos.<\/p><p><span style=\"font-weight: bolder;\">RETENCI\u00d3N DE DATOS<\/span><\/p><p>Solo retendremos sus datos personales durante el tiempo necesario para cumplir con los fines para los que los recopilamos, adem\u00e1s del per\u00edodo m\u00e1s largo requerido para satisfacer cualquier obligaci\u00f3n legal, contable o de informes. Para determinar el per\u00edodo de retenci\u00f3n apropiado para los datos personales, consideramos la cantidad, naturaleza y sensibilidad de los datos personales, el riesgo potencial de da\u00f1o por uso no autorizado o divulgaci\u00f3n de sus datos personales, los fines para los que procesamos sus datos personales y si podemos lograr esos fines por otros medios, y los requisitos legales aplicables.<\/p><p>Podemos anonimizar sus datos personales (de modo que ya no se puedan asociar con usted) con fines de investigaci\u00f3n o estad\u00edsticos, en cuyo caso podemos usar y retener esta informaci\u00f3n indefinidamente sin m\u00e1s aviso para usted.<\/p><p><span style=\"font-weight: bolder;\">MEDIDAS DE SEGURIDAD<\/span><\/p><p>Implementamos medidas de seguridad y esquemas de protecci\u00f3n de datos personales seg\u00fan lo requiere la ley para mantener la confidencialidad e integridad de sus datos y protecci\u00f3n contra el acceso, modificaci\u00f3n o destrucci\u00f3n no autorizados. Estas medidas est\u00e1n de acuerdo con las directrices establecidas por los Comisionados Nacionales de Protecci\u00f3n de Datos.<\/p><p><span style=\"font-weight: bolder;\">SUS DERECHOS<\/span><\/p><p>Seg\u00fan el Reglamento General de Protecci\u00f3n de Datos 679\/2016 (RGPD), usted tiene derechos en relaci\u00f3n con sus datos personales. Tiene derecho a solicitar acceso a sus datos personales (com\u00fanmente conocido como una \u00absolicitud de acceso del interesado\u00bb); solicitar la correcci\u00f3n de los datos personales que tenemos sobre usted; solicitar la eliminaci\u00f3n de sus datos personales; objetar el procesamiento de sus datos personales donde confiamos en un inter\u00e9s leg\u00edtimo (o el de un tercero); solicitar la restricci\u00f3n del procesamiento de sus datos personales; solicitar la transferencia de sus datos personales a usted o a un tercero (derecho a la portabilidad de datos); retirar el consentimiento en cualquier momento en que confiamos en el consentimiento para procesar sus datos personales.<\/p><p>Los derechos mencionados anteriormente pueden ser efectivos contact\u00e1ndonos en support@talky.tech\u00a0siempre que incluya una copia digital de su documento de identificaci\u00f3n como su tarjeta de identificaci\u00f3n o pasaporte.<\/p><p><span style=\"font-weight: bolder;\">GENERAL<\/span><\/p><p>Nos reservamos el derecho de modificar los t\u00e9rminos de esta Pol\u00edtica de Privacidad y le notificaremos proporcionando un aviso claro de estos cambios por correo electr\u00f3nico o en nuestro Sitio Web, y en esta Pol\u00edtica de Privacidad. Si contin\u00faa utilizando nuestros Servicios despu\u00e9s de dicha actualizaci\u00f3n, se considerar\u00e1 que acepta los nuevos t\u00e9rminos. Si no acepta la actualizaci\u00f3n, notif\u00edquenos y cerraremos su Cuenta y eliminaremos cualquiera de sus datos personales (excepto seg\u00fan lo requerido para ser retenido por motivos legales), y no podr\u00e1 continuar utilizando nuestros Servicios.<\/p><p>A menos que una regulaci\u00f3n local espec\u00edfica establezca lo contrario, la Pol\u00edtica de Privacidad est\u00e1 regida por las leyes de Alemania.<\/p>\t\t\t\t\t\t\t\t<\/div>\n\t\t\t\t<\/div>\n\t\t\t\t\t<\/div>\n\t\t\t\t<\/div>\n\t\t\t\t<\/div>\n\t\t","protected":false},"excerpt":{"rendered":"<p>P\u00f3litica de privacidad Introducci\u00f3n Talky GmbH es responsable de Talky-App.com (el \u00abSitio Web\u00bb) y est\u00e1 comprometida con la protecci\u00f3n de la privacidad de las personas (\u00abUsted\/es\u00bb) que utilizan el Sitio Web y nuestros servicios. Esta Pol\u00edtica de Privacidad (la \u00abPol\u00edtica\u00bb) explica nuestras pr\u00e1cticas con respecto al uso de datos personales recopilados y procesados a trav\u00e9s [&hellip;]<\/p>\n","protected":false},"author":1,"featured_media":0,"parent":0,"menu_order":0,"comment_status":"closed","ping_status":"closed","template":"elementor_header_footer","meta":{"_monsterinsights_skip_tracking":false,"_monsterinsights_sitenote_active":false,"_monsterinsights_sitenote_note":"","_monsterinsights_sitenote_category":0,"footnotes":""},"class_list":["post-1675","page","type-page","status-publish","hentry"],"yoast_head":"<!-- This site is optimized with the Yoast SEO plugin v26.1.1 - https:\/\/yoast.com\/wordpress\/plugins\/seo\/ -->\n<title>P\u00f3litica de privacidad - Talky<\/title>\n<meta name=\"robots\" content=\"index, follow, max-snippet:-1, max-image-preview:large, max-video-preview:-1\" \/>\n<link rel=\"canonical\" href=\"https:\/\/www.talky-app.com\/es\/privacy-policy\/\" \/>\n<meta property=\"og:locale\" content=\"es_ES\" \/>\n<meta property=\"og:type\" content=\"article\" \/>\n<meta property=\"og:title\" content=\"P\u00f3litica de privacidad - Talky\" \/>\n<meta property=\"og:description\" content=\"P\u00f3litica de privacidad Introducci\u00f3n Talky GmbH es responsable de Talky-App.com (el \u00abSitio Web\u00bb) y est\u00e1 comprometida con la protecci\u00f3n de la privacidad de las personas (\u00abUsted\/es\u00bb) que utilizan el Sitio Web y nuestros servicios. Esta Pol\u00edtica de Privacidad (la \u00abPol\u00edtica\u00bb) explica nuestras pr\u00e1cticas con respecto al uso de datos personales recopilados y procesados a trav\u00e9s [&hellip;]\" \/>\n<meta property=\"og:url\" content=\"https:\/\/www.talky-app.com\/es\/privacy-policy\/\" \/>\n<meta property=\"og:site_name\" content=\"Talky\" \/>\n<meta property=\"article:modified_time\" content=\"2024-12-09T12:25:38+00:00\" \/>\n<meta property=\"og:image\" content=\"https:\/\/www.talky-app.com\/wp-content\/uploads\/2024\/02\/TalkyOG.jpeg\" \/>\n\t<meta property=\"og:image:width\" content=\"1920\" \/>\n\t<meta property=\"og:image:height\" content=\"1080\" \/>\n\t<meta property=\"og:image:type\" content=\"image\/jpeg\" \/>\n<meta name=\"twitter:card\" content=\"summary_large_image\" \/>\n<meta name=\"twitter:label1\" content=\"Tiempo de lectura\" \/>\n\t<meta name=\"twitter:data1\" content=\"7 minutos\" \/>\n<script type=\"application\/ld+json\" class=\"yoast-schema-graph\">{\"@context\":\"https:\/\/schema.org\",\"@graph\":[{\"@type\":\"WebPage\",\"@id\":\"https:\/\/www.talky-app.com\/es\/privacy-policy\/\",\"url\":\"https:\/\/www.talky-app.com\/es\/privacy-policy\/\",\"name\":\"P\u00f3litica de privacidad - Talky\",\"isPartOf\":{\"@id\":\"https:\/\/www.talky-app.com\/es\/#website\"},\"datePublished\":\"2024-01-07T18:43:09+00:00\",\"dateModified\":\"2024-12-09T12:25:38+00:00\",\"breadcrumb\":{\"@id\":\"https:\/\/www.talky-app.com\/es\/privacy-policy\/#breadcrumb\"},\"inLanguage\":\"es\",\"potentialAction\":[{\"@type\":\"ReadAction\",\"target\":[\"https:\/\/www.talky-app.com\/es\/privacy-policy\/\"]}]},{\"@type\":\"BreadcrumbList\",\"@id\":\"https:\/\/www.talky-app.com\/es\/privacy-policy\/#breadcrumb\",\"itemListElement\":[{\"@type\":\"ListItem\",\"position\":1,\"name\":\"Home\",\"item\":\"https:\/\/www.talky-app.com\/es\/\"},{\"@type\":\"ListItem\",\"position\":2,\"name\":\"P\u00f3litica de privacidad\"}]},{\"@type\":\"WebSite\",\"@id\":\"https:\/\/www.talky-app.com\/es\/#website\",\"url\":\"https:\/\/www.talky-app.com\/es\/\",\"name\":\"Talky\",\"description\":\"App de aprendizaje de idiomas para ni\u00f1os de 8 a 12 a\u00f1os\",\"publisher\":{\"@id\":\"https:\/\/www.talky-app.com\/es\/#organization\"},\"potentialAction\":[{\"@type\":\"SearchAction\",\"target\":{\"@type\":\"EntryPoint\",\"urlTemplate\":\"https:\/\/www.talky-app.com\/es\/?s={search_term_string}\"},\"query-input\":{\"@type\":\"PropertyValueSpecification\",\"valueRequired\":true,\"valueName\":\"search_term_string\"}}],\"inLanguage\":\"es\"},{\"@type\":\"Organization\",\"@id\":\"https:\/\/www.talky-app.com\/es\/#organization\",\"name\":\"Talky GmbH\",\"url\":\"https:\/\/www.talky-app.com\/es\/\",\"logo\":{\"@type\":\"ImageObject\",\"inLanguage\":\"es\",\"@id\":\"https:\/\/www.talky-app.com\/es\/#\/schema\/logo\/image\/\",\"url\":\"https:\/\/www.talky-app.com\/wp-content\/uploads\/2024\/01\/logotalky.png\",\"contentUrl\":\"https:\/\/www.talky-app.com\/wp-content\/uploads\/2024\/01\/logotalky.png\",\"width\":280,\"height\":90,\"caption\":\"Talky GmbH\"},\"image\":{\"@id\":\"https:\/\/www.talky-app.com\/es\/#\/schema\/logo\/image\/\"}}]}<\/script>\n<!-- \/ Yoast SEO plugin. -->","yoast_head_json":{"title":"P\u00f3litica de privacidad - Talky","robots":{"index":"index","follow":"follow","max-snippet":"max-snippet:-1","max-image-preview":"max-image-preview:large","max-video-preview":"max-video-preview:-1"},"canonical":"https:\/\/www.talky-app.com\/es\/privacy-policy\/","og_locale":"es_ES","og_type":"article","og_title":"P\u00f3litica de privacidad - Talky","og_description":"P\u00f3litica de privacidad Introducci\u00f3n Talky GmbH es responsable de Talky-App.com (el \u00abSitio Web\u00bb) y est\u00e1 comprometida con la protecci\u00f3n de la privacidad de las personas (\u00abUsted\/es\u00bb) que utilizan el Sitio Web y nuestros servicios. Esta Pol\u00edtica de Privacidad (la \u00abPol\u00edtica\u00bb) explica nuestras pr\u00e1cticas con respecto al uso de datos personales recopilados y procesados a trav\u00e9s [&hellip;]","og_url":"https:\/\/www.talky-app.com\/es\/privacy-policy\/","og_site_name":"Talky","article_modified_time":"2024-12-09T12:25:38+00:00","og_image":[{"width":1920,"height":1080,"url":"https:\/\/www.talky-app.com\/wp-content\/uploads\/2024\/02\/TalkyOG.jpeg","type":"image\/jpeg"}],"twitter_card":"summary_large_image","twitter_misc":{"Tiempo de lectura":"7 minutos"},"schema":{"@context":"https:\/\/schema.org","@graph":[{"@type":"WebPage","@id":"https:\/\/www.talky-app.com\/es\/privacy-policy\/","url":"https:\/\/www.talky-app.com\/es\/privacy-policy\/","name":"P\u00f3litica de privacidad - Talky","isPartOf":{"@id":"https:\/\/www.talky-app.com\/es\/#website"},"datePublished":"2024-01-07T18:43:09+00:00","dateModified":"2024-12-09T12:25:38+00:00","breadcrumb":{"@id":"https:\/\/www.talky-app.com\/es\/privacy-policy\/#breadcrumb"},"inLanguage":"es","potentialAction":[{"@type":"ReadAction","target":["https:\/\/www.talky-app.com\/es\/privacy-policy\/"]}]},{"@type":"BreadcrumbList","@id":"https:\/\/www.talky-app.com\/es\/privacy-policy\/#breadcrumb","itemListElement":[{"@type":"ListItem","position":1,"name":"Home","item":"https:\/\/www.talky-app.com\/es\/"},{"@type":"ListItem","position":2,"name":"P\u00f3litica de privacidad"}]},{"@type":"WebSite","@id":"https:\/\/www.talky-app.com\/es\/#website","url":"https:\/\/www.talky-app.com\/es\/","name":"Talky","description":"App de aprendizaje de idiomas para ni\u00f1os de 8 a 12 a\u00f1os","publisher":{"@id":"https:\/\/www.talky-app.com\/es\/#organization"},"potentialAction":[{"@type":"SearchAction","target":{"@type":"EntryPoint","urlTemplate":"https:\/\/www.talky-app.com\/es\/?s={search_term_string}"},"query-input":{"@type":"PropertyValueSpecification","valueRequired":true,"valueName":"search_term_string"}}],"inLanguage":"es"},{"@type":"Organization","@id":"https:\/\/www.talky-app.com\/es\/#organization","name":"Talky GmbH","url":"https:\/\/www.talky-app.com\/es\/","logo":{"@type":"ImageObject","inLanguage":"es","@id":"https:\/\/www.talky-app.com\/es\/#\/schema\/logo\/image\/","url":"https:\/\/www.talky-app.com\/wp-content\/uploads\/2024\/01\/logotalky.png","contentUrl":"https:\/\/www.talky-app.com\/wp-content\/uploads\/2024\/01\/logotalky.png","width":280,"height":90,"caption":"Talky GmbH"},"image":{"@id":"https:\/\/www.talky-app.com\/es\/#\/schema\/logo\/image\/"}}]}},"_links":{"self":[{"href":"https:\/\/www.talky-app.com\/es\/wp-json\/wp\/v2\/pages\/1675","targetHints":{"allow":["GET"]}}],"collection":[{"href":"https:\/\/www.talky-app.com\/es\/wp-json\/wp\/v2\/pages"}],"about":[{"href":"https:\/\/www.talky-app.com\/es\/wp-json\/wp\/v2\/types\/page"}],"author":[{"embeddable":true,"href":"https:\/\/www.talky-app.com\/es\/wp-json\/wp\/v2\/users\/1"}],"replies":[{"embeddable":true,"href":"https:\/\/www.talky-app.com\/es\/wp-json\/wp\/v2\/comments?post=1675"}],"version-history":[{"count":10,"href":"https:\/\/www.talky-app.com\/es\/wp-json\/wp\/v2\/pages\/1675\/revisions"}],"predecessor-version":[{"id":2764,"href":"https:\/\/www.talky-app.com\/es\/wp-json\/wp\/v2\/pages\/1675\/revisions\/2764"}],"wp:attachment":[{"href":"https:\/\/www.talky-app.com\/es\/wp-json\/wp\/v2\/media?parent=1675"}],"curies":[{"name":"wp","href":"https:\/\/api.w.org\/{rel}","templated":true}]}}