{"id":2138,"date":"2024-09-20T17:42:22","date_gmt":"2024-09-20T17:42:22","guid":{"rendered":"https:\/\/www.talky-app.com\/precios\/"},"modified":"2025-10-10T13:11:59","modified_gmt":"2025-10-10T13:11:59","slug":"precios","status":"publish","type":"page","link":"https:\/\/www.talky-app.com\/es\/precios\/","title":{"rendered":"Precios"},"content":{"rendered":"\t\t<div data-elementor-type=\"wp-page\" data-elementor-id=\"2138\" class=\"elementor elementor-2138 elementor-2128\" data-elementor-post-type=\"page\">\n\t\t\t\t<div class=\"elementor-element elementor-element-4adb5d1 e-con-full e-flex e-con e-parent\" data-id=\"4adb5d1\" data-element_type=\"container\" data-e-type=\"container\" data-settings=\"{&quot;background_background&quot;:&quot;slideshow&quot;,&quot;background_slideshow_gallery&quot;:[{&quot;id&quot;:2867,&quot;url&quot;:&quot;https:\\\/\\\/www.talky-app.com\\\/wp-content\\\/uploads\\\/2025\\\/06\\\/Effektives-Sprachtraining-\\u2013-strukturiert-wie-ein-Kurs-motivierend-wie-ein-Spiel.-8-1.png&quot;}],&quot;background_slideshow_loop&quot;:&quot;yes&quot;,&quot;background_slideshow_slide_duration&quot;:5000,&quot;background_slideshow_slide_transition&quot;:&quot;fade&quot;,&quot;background_slideshow_transition_duration&quot;:500}\">\n\t\t<div class=\"elementor-element elementor-element-2d06c5e e-con-full e-flex e-con e-child\" data-id=\"2d06c5e\" data-element_type=\"container\" data-e-type=\"container\">\n\t\t\t\t<div class=\"elementor-element elementor-element-470ac97 elementor-widget elementor-widget-image\" data-id=\"470ac97\" data-element_type=\"widget\" data-e-type=\"widget\" data-widget_type=\"image.default\">\n\t\t\t\t<div class=\"elementor-widget-container\">\n\t\t\t\t\t\t\t\t\t\t\t\t\t\t\t<img fetchpriority=\"high\" decoding=\"async\" width=\"800\" height=\"800\" src=\"https:\/\/52.57.1.33\/wp-content\/uploads\/2024\/02\/KidsTalky10.jpg\" class=\"attachment-large size-large wp-image-1304\" alt=\"\" srcset=\"https:\/\/52.57.1.33\/wp-content\/uploads\/2024\/02\/KidsTalky10.jpg 1024w, https:\/\/52.57.1.33\/wp-content\/uploads\/2024\/02\/KidsTalky10-300x300.jpg 300w, https:\/\/52.57.1.33\/wp-content\/uploads\/2024\/02\/KidsTalky10-150x150.jpg 150w, https:\/\/52.57.1.33\/wp-content\/uploads\/2024\/02\/KidsTalky10-768x768.jpg 768w\" sizes=\"(max-width: 800px) 100vw, 800px\" \/>\t\t\t\t\t\t\t\t\t\t\t\t\t\t\t<\/div>\n\t\t\t\t<\/div>\n\t\t\t\t<\/div>\n\t\t<div class=\"elementor-element elementor-element-41a28bd e-con-full e-flex e-con e-child\" data-id=\"41a28bd\" data-element_type=\"container\" data-e-type=\"container\">\n\t\t<div class=\"elementor-element elementor-element-09e801c e-con-full e-flex e-con e-child\" data-id=\"09e801c\" data-element_type=\"container\" data-e-type=\"container\">\n\t\t<div class=\"elementor-element elementor-element-a07a129 e-con-full e-flex e-con e-child\" data-id=\"a07a129\" data-element_type=\"container\" data-e-type=\"container\">\n\t\t\t\t<div class=\"elementor-element elementor-element-fcc8ca1 elementor-widget elementor-widget-text-editor\" data-id=\"fcc8ca1\" data-element_type=\"widget\" data-e-type=\"widget\" data-widget_type=\"text-editor.default\">\n\t\t\t\t<div class=\"elementor-widget-container\">\n\t\t\t\t\t\t\t\t\t<h1>M\u00e9todo de aprendizaje con IA \u2013 estructurado como un curso, motivador como un juego.<\/h1>\t\t\t\t\t\t\t\t<\/div>\n\t\t\t\t<\/div>\n\t\t\t\t<\/div>\n\t\t\t\t<div class=\"elementor-element elementor-element-28daef2 elementor-widget__width-initial elementor-widget elementor-widget-text-editor\" data-id=\"28daef2\" data-element_type=\"widget\" data-e-type=\"widget\" data-widget_type=\"text-editor.default\">\n\t\t\t\t<div class=\"elementor-widget-container\">\n\t\t\t\t\t\t\t\t\t<h3 data-start=\"222\" data-end=\"263\"><span style=\"color: #f95892;\"><strong data-start=\"226\" data-end=\"263\">5 d\u00edas de prueba gratis<\/strong><\/span><\/h3><p data-start=\"265\" data-end=\"348\">\ud83d\ude80<strong> 9,99\u20ac Oferta de lanzamiento<\/strong> &#8211; precio normal 24,99\u20ac\/mes.  <strong data-start=\"316\" data-end=\"348\">Canc\u00e9lalo cuando quieras. Empieza hoy.<\/strong><\/p>\t\t\t\t\t\t\t\t<\/div>\n\t\t\t\t<\/div>\n\t\t\t\t<\/div>\n\t\t<div class=\"elementor-element elementor-element-8563416 e-con-full e-flex e-con e-child\" data-id=\"8563416\" data-element_type=\"container\" data-e-type=\"container\">\n\t\t<div class=\"elementor-element elementor-element-0e6a662 e-con-full e-flex e-con e-child\" data-id=\"0e6a662\" data-element_type=\"container\" data-e-type=\"container\">\n\t\t<div class=\"elementor-element elementor-element-f758434 e-grid e-con-full e-con e-child\" data-id=\"f758434\" data-element_type=\"container\" data-e-type=\"container\">\n\t\t\t\t<div class=\"elementor-element elementor-element-d3a2f7c elementor-widget elementor-widget-image\" data-id=\"d3a2f7c\" data-element_type=\"widget\" data-e-type=\"widget\" data-widget_type=\"image.default\">\n\t\t\t\t<div class=\"elementor-widget-container\">\n\t\t\t\t\t\t\t\t\t\t\t\t\t\t\t\t<a href=\"https:\/\/apps.apple.com\/de\/app\/talky-german-for-kids\/id6479655319?l=en-GB\">\n\t\t\t\t\t\t\t<img decoding=\"async\" width=\"300\" height=\"108\" src=\"https:\/\/52.57.1.33\/wp-content\/uploads\/2025\/06\/Effektives-Sprachtraining-\u2013-strukturiert-wie-ein-Kurs-motivierend-wie-ein-Spiel-300x108.png\" class=\"attachment-medium size-medium wp-image-2929\" alt=\"\" srcset=\"https:\/\/52.57.1.33\/wp-content\/uploads\/2025\/06\/Effektives-Sprachtraining-\u2013-strukturiert-wie-ein-Kurs-motivierend-wie-ein-Spiel-300x108.png 300w, https:\/\/52.57.1.33\/wp-content\/uploads\/2025\/06\/Effektives-Sprachtraining-\u2013-strukturiert-wie-ein-Kurs-motivierend-wie-ein-Spiel.png 454w\" sizes=\"(max-width: 300px) 100vw, 300px\" \/>\t\t\t\t\t\t\t\t<\/a>\n\t\t\t\t\t\t\t\t\t\t\t\t\t\t\t<\/div>\n\t\t\t\t<\/div>\n\t\t\t\t<div class=\"elementor-element elementor-element-19b48a3 elementor-widget elementor-widget-image\" data-id=\"19b48a3\" data-element_type=\"widget\" data-e-type=\"widget\" data-widget_type=\"image.default\">\n\t\t\t\t<div class=\"elementor-widget-container\">\n\t\t\t\t\t\t\t\t\t\t\t\t\t\t\t\t<a href=\"https:\/\/play.google.com\/store\/apps\/details?id=com.talky.app\">\n\t\t\t\t\t\t\t<img decoding=\"async\" width=\"300\" height=\"107\" src=\"https:\/\/52.57.1.33\/wp-content\/uploads\/2025\/06\/Effektives-Sprachtraining-\u2013-strukturiert-wie-ein-Kurs-motivierend-wie-ein-Spiel.-3-300x107.png\" class=\"attachment-medium size-medium wp-image-2930\" alt=\"\" srcset=\"https:\/\/52.57.1.33\/wp-content\/uploads\/2025\/06\/Effektives-Sprachtraining-\u2013-strukturiert-wie-ein-Kurs-motivierend-wie-ein-Spiel.-3-300x107.png 300w, https:\/\/52.57.1.33\/wp-content\/uploads\/2025\/06\/Effektives-Sprachtraining-\u2013-strukturiert-wie-ein-Kurs-motivierend-wie-ein-Spiel.-3.png 454w\" sizes=\"(max-width: 300px) 100vw, 300px\" \/>\t\t\t\t\t\t\t\t<\/a>\n\t\t\t\t\t\t\t\t\t\t\t\t\t\t\t<\/div>\n\t\t\t\t<\/div>\n\t\t\t\t<\/div>\n\t\t\t\t<\/div>\n\t\t\t\t<div class=\"elementor-element elementor-element-8f30afa elementor-widget elementor-widget-text-editor\" data-id=\"8f30afa\" data-element_type=\"widget\" data-e-type=\"widget\" data-widget_type=\"text-editor.default\">\n\t\t\t\t<div class=\"elementor-widget-container\">\n\t\t\t\t\t\t\t\t\t<h3 data-start=\"92\" data-end=\"112\"><strong>Qu\u00e9 incluye:<\/strong><\/h3><p data-start=\"116\" data-end=\"143\">\u2705 Tutor de IA para desarrollar la fluidez<\/p><p data-start=\"146\" data-end=\"192\">\u2705 Acceso completo al juego interactivo de idiomas<\/p><p data-start=\"195\" data-end=\"227\">\u2705 Pr\u00e1ctica oral desde el primer d\u00eda<\/p><p data-start=\"230\" data-end=\"281\">\u2705 Ruta de aprendizaje personalizada y retroalimentaci\u00f3n en tiempo real<\/p><p data-start=\"284\" data-end=\"328\">\u2705 \u00dasalo en cualquier momento y lugar: tablet o m\u00f3vil<\/p><p data-start=\"331\" data-end=\"378\" data-is-last-node=\"\">\u2705 Una estructura de aprendizaje l\u00fadica que le prepara para los ex\u00e1menes y mantiene alta la motivaci\u00f3n<\/p>\t\t\t\t\t\t\t\t<\/div>\n\t\t\t\t<\/div>\n\t\t\t\t<\/div>\n\t\t\t\t<\/div>\n\t\t\t\t<\/div>\n\t\t<div class=\"elementor-element elementor-element-9d4bc45 e-con-full e-flex e-con e-parent\" data-id=\"9d4bc45\" data-element_type=\"container\" data-e-type=\"container\" data-settings=\"{&quot;background_background&quot;:&quot;gradient&quot;}\">\n\t\t\t\t<div class=\"elementor-element elementor-element-6c013c8 elementor-align-center elementor-widget__width-initial elementor-widget-mobile__width-initial elementor-widget-tablet__width-initial elementor-widget elementor-widget-button\" data-id=\"6c013c8\" data-element_type=\"widget\" data-e-type=\"widget\" data-widget_type=\"button.default\">\n\t\t\t\t<div class=\"elementor-widget-container\">\n\t\t\t\t\t\t\t\t\t<div class=\"elementor-button-wrapper\">\n\t\t\t\t\t<a class=\"elementor-button elementor-button-link elementor-size-sm\" href=\"#\">\n\t\t\t\t\t\t<span class=\"elementor-button-content-wrapper\">\n\t\t\t\t\t\t\t\t\t<span class=\"elementor-button-text\">Me interesa Talky para colegios <\/span>\n\t\t\t\t\t<\/span>\n\t\t\t\t\t<\/a>\n\t\t\t\t<\/div>\n\t\t\t\t\t\t\t\t<\/div>\n\t\t\t\t<\/div>\n\t\t\t\t<\/div>\n\t\t\t\t<\/div>\n\t\t","protected":false},"excerpt":{"rendered":"<p>M\u00e9todo de aprendizaje con IA \u2013 estructurado como un curso, motivador como un juego. 5 d\u00edas de prueba gratis \ud83d\ude80 9,99\u20ac Oferta de lanzamiento &#8211; precio normal 24,99\u20ac\/mes. Canc\u00e9lalo cuando quieras. Empieza hoy. Qu\u00e9 incluye: \u2705 Tutor de IA para desarrollar la fluidez \u2705 Acceso completo al juego interactivo de idiomas \u2705 Pr\u00e1ctica oral desde [&hellip;]<\/p>\n","protected":false},"author":3,"featured_media":0,"parent":0,"menu_order":0,"comment_status":"closed","ping_status":"closed","template":"elementor_header_footer","meta":{"_monsterinsights_skip_tracking":false,"_monsterinsights_sitenote_active":false,"_monsterinsights_sitenote_note":"","_monsterinsights_sitenote_category":0,"footnotes":""},"class_list":["post-2138","page","type-page","status-publish","hentry"],"yoast_head":"<!-- This site is optimized with the Yoast SEO plugin v26.1.1 - https:\/\/yoast.com\/wordpress\/plugins\/seo\/ -->\n<title>Precios - Talky<\/title>\n<meta name=\"robots\" content=\"index, follow, max-snippet:-1, max-image-preview:large, max-video-preview:-1\" \/>\n<link rel=\"canonical\" href=\"https:\/\/www.talky-app.com\/es\/precios\/\" \/>\n<meta property=\"og:locale\" content=\"es_ES\" \/>\n<meta property=\"og:type\" content=\"article\" \/>\n<meta property=\"og:title\" content=\"Precios - Talky\" \/>\n<meta property=\"og:description\" content=\"M\u00e9todo de aprendizaje con IA \u2013 estructurado como un curso, motivador como un juego. 5 d\u00edas de prueba gratis \ud83d\ude80 9,99\u20ac Oferta de lanzamiento &#8211; precio normal 24,99\u20ac\/mes. Canc\u00e9lalo cuando quieras. Empieza hoy. Qu\u00e9 incluye: \u2705 Tutor de IA para desarrollar la fluidez \u2705 Acceso completo al juego interactivo de idiomas \u2705 Pr\u00e1ctica oral desde [&hellip;]\" \/>\n<meta property=\"og:url\" content=\"https:\/\/www.talky-app.com\/es\/precios\/\" \/>\n<meta property=\"og:site_name\" content=\"Talky\" \/>\n<meta property=\"article:modified_time\" content=\"2025-10-10T13:11:59+00:00\" \/>\n<meta property=\"og:image\" content=\"https:\/\/www.talky-app.com\/wp-content\/uploads\/2024\/02\/KidsTalky10.jpg\" \/>\n<meta name=\"twitter:card\" content=\"summary_large_image\" \/>\n<meta name=\"twitter:label1\" content=\"Tiempo de lectura\" \/>\n\t<meta name=\"twitter:data1\" content=\"2 minutos\" \/>\n<script type=\"application\/ld+json\" class=\"yoast-schema-graph\">{\"@context\":\"https:\/\/schema.org\",\"@graph\":[{\"@type\":\"WebPage\",\"@id\":\"https:\/\/www.talky-app.com\/es\/precios\/\",\"url\":\"https:\/\/www.talky-app.com\/es\/precios\/\",\"name\":\"Precios - Talky\",\"isPartOf\":{\"@id\":\"https:\/\/www.talky-app.com\/es\/#website\"},\"primaryImageOfPage\":{\"@id\":\"https:\/\/www.talky-app.com\/es\/precios\/#primaryimage\"},\"image\":{\"@id\":\"https:\/\/www.talky-app.com\/es\/precios\/#primaryimage\"},\"thumbnailUrl\":\"https:\/\/www.talky-app.com\/wp-content\/uploads\/2024\/02\/KidsTalky10.jpg\",\"datePublished\":\"2024-09-20T17:42:22+00:00\",\"dateModified\":\"2025-10-10T13:11:59+00:00\",\"breadcrumb\":{\"@id\":\"https:\/\/www.talky-app.com\/es\/precios\/#breadcrumb\"},\"inLanguage\":\"es\",\"potentialAction\":[{\"@type\":\"ReadAction\",\"target\":[\"https:\/\/www.talky-app.com\/es\/precios\/\"]}]},{\"@type\":\"ImageObject\",\"inLanguage\":\"es\",\"@id\":\"https:\/\/www.talky-app.com\/es\/precios\/#primaryimage\",\"url\":\"https:\/\/www.talky-app.com\/wp-content\/uploads\/2024\/02\/KidsTalky10.jpg\",\"contentUrl\":\"https:\/\/www.talky-app.com\/wp-content\/uploads\/2024\/02\/KidsTalky10.jpg\"},{\"@type\":\"BreadcrumbList\",\"@id\":\"https:\/\/www.talky-app.com\/es\/precios\/#breadcrumb\",\"itemListElement\":[{\"@type\":\"ListItem\",\"position\":1,\"name\":\"Home\",\"item\":\"https:\/\/www.talky-app.com\/es\/\"},{\"@type\":\"ListItem\",\"position\":2,\"name\":\"Precios\"}]},{\"@type\":\"WebSite\",\"@id\":\"https:\/\/www.talky-app.com\/es\/#website\",\"url\":\"https:\/\/www.talky-app.com\/es\/\",\"name\":\"Talky\",\"description\":\"App de aprendizaje de idiomas para ni\u00f1os de 8 a 12 a\u00f1os\",\"publisher\":{\"@id\":\"https:\/\/www.talky-app.com\/es\/#organization\"},\"potentialAction\":[{\"@type\":\"SearchAction\",\"target\":{\"@type\":\"EntryPoint\",\"urlTemplate\":\"https:\/\/www.talky-app.com\/es\/?s={search_term_string}\"},\"query-input\":{\"@type\":\"PropertyValueSpecification\",\"valueRequired\":true,\"valueName\":\"search_term_string\"}}],\"inLanguage\":\"es\"},{\"@type\":\"Organization\",\"@id\":\"https:\/\/www.talky-app.com\/es\/#organization\",\"name\":\"Talky GmbH\",\"url\":\"https:\/\/www.talky-app.com\/es\/\",\"logo\":{\"@type\":\"ImageObject\",\"inLanguage\":\"es\",\"@id\":\"https:\/\/www.talky-app.com\/es\/#\/schema\/logo\/image\/\",\"url\":\"https:\/\/www.talky-app.com\/wp-content\/uploads\/2024\/01\/logotalky.png\",\"contentUrl\":\"https:\/\/www.talky-app.com\/wp-content\/uploads\/2024\/01\/logotalky.png\",\"width\":280,\"height\":90,\"caption\":\"Talky GmbH\"},\"image\":{\"@id\":\"https:\/\/www.talky-app.com\/es\/#\/schema\/logo\/image\/\"}}]}<\/script>\n<!-- \/ Yoast SEO plugin. -->","yoast_head_json":{"title":"Precios - Talky","robots":{"index":"index","follow":"follow","max-snippet":"max-snippet:-1","max-image-preview":"max-image-preview:large","max-video-preview":"max-video-preview:-1"},"canonical":"https:\/\/www.talky-app.com\/es\/precios\/","og_locale":"es_ES","og_type":"article","og_title":"Precios - Talky","og_description":"M\u00e9todo de aprendizaje con IA \u2013 estructurado como un curso, motivador como un juego. 5 d\u00edas de prueba gratis \ud83d\ude80 9,99\u20ac Oferta de lanzamiento &#8211; precio normal 24,99\u20ac\/mes. Canc\u00e9lalo cuando quieras. Empieza hoy. Qu\u00e9 incluye: \u2705 Tutor de IA para desarrollar la fluidez \u2705 Acceso completo al juego interactivo de idiomas \u2705 Pr\u00e1ctica oral desde [&hellip;]","og_url":"https:\/\/www.talky-app.com\/es\/precios\/","og_site_name":"Talky","article_modified_time":"2025-10-10T13:11:59+00:00","og_image":[{"url":"https:\/\/www.talky-app.com\/wp-content\/uploads\/2024\/02\/KidsTalky10.jpg","type":"","width":"","height":""}],"twitter_card":"summary_large_image","twitter_misc":{"Tiempo de lectura":"2 minutos"},"schema":{"@context":"https:\/\/schema.org","@graph":[{"@type":"WebPage","@id":"https:\/\/www.talky-app.com\/es\/precios\/","url":"https:\/\/www.talky-app.com\/es\/precios\/","name":"Precios - Talky","isPartOf":{"@id":"https:\/\/www.talky-app.com\/es\/#website"},"primaryImageOfPage":{"@id":"https:\/\/www.talky-app.com\/es\/precios\/#primaryimage"},"image":{"@id":"https:\/\/www.talky-app.com\/es\/precios\/#primaryimage"},"thumbnailUrl":"https:\/\/www.talky-app.com\/wp-content\/uploads\/2024\/02\/KidsTalky10.jpg","datePublished":"2024-09-20T17:42:22+00:00","dateModified":"2025-10-10T13:11:59+00:00","breadcrumb":{"@id":"https:\/\/www.talky-app.com\/es\/precios\/#breadcrumb"},"inLanguage":"es","potentialAction":[{"@type":"ReadAction","target":["https:\/\/www.talky-app.com\/es\/precios\/"]}]},{"@type":"ImageObject","inLanguage":"es","@id":"https:\/\/www.talky-app.com\/es\/precios\/#primaryimage","url":"https:\/\/www.talky-app.com\/wp-content\/uploads\/2024\/02\/KidsTalky10.jpg","contentUrl":"https:\/\/www.talky-app.com\/wp-content\/uploads\/2024\/02\/KidsTalky10.jpg"},{"@type":"BreadcrumbList","@id":"https:\/\/www.talky-app.com\/es\/precios\/#breadcrumb","itemListElement":[{"@type":"ListItem","position":1,"name":"Home","item":"https:\/\/www.talky-app.com\/es\/"},{"@type":"ListItem","position":2,"name":"Precios"}]},{"@type":"WebSite","@id":"https:\/\/www.talky-app.com\/es\/#website","url":"https:\/\/www.talky-app.com\/es\/","name":"Talky","description":"App de aprendizaje de idiomas para ni\u00f1os de 8 a 12 a\u00f1os","publisher":{"@id":"https:\/\/www.talky-app.com\/es\/#organization"},"potentialAction":[{"@type":"SearchAction","target":{"@type":"EntryPoint","urlTemplate":"https:\/\/www.talky-app.com\/es\/?s={search_term_string}"},"query-input":{"@type":"PropertyValueSpecification","valueRequired":true,"valueName":"search_term_string"}}],"inLanguage":"es"},{"@type":"Organization","@id":"https:\/\/www.talky-app.com\/es\/#organization","name":"Talky GmbH","url":"https:\/\/www.talky-app.com\/es\/","logo":{"@type":"ImageObject","inLanguage":"es","@id":"https:\/\/www.talky-app.com\/es\/#\/schema\/logo\/image\/","url":"https:\/\/www.talky-app.com\/wp-content\/uploads\/2024\/01\/logotalky.png","contentUrl":"https:\/\/www.talky-app.com\/wp-content\/uploads\/2024\/01\/logotalky.png","width":280,"height":90,"caption":"Talky GmbH"},"image":{"@id":"https:\/\/www.talky-app.com\/es\/#\/schema\/logo\/image\/"}}]}},"_links":{"self":[{"href":"https:\/\/www.talky-app.com\/es\/wp-json\/wp\/v2\/pages\/2138","targetHints":{"allow":["GET"]}}],"collection":[{"href":"https:\/\/www.talky-app.com\/es\/wp-json\/wp\/v2\/pages"}],"about":[{"href":"https:\/\/www.talky-app.com\/es\/wp-json\/wp\/v2\/types\/page"}],"author":[{"embeddable":true,"href":"https:\/\/www.talky-app.com\/es\/wp-json\/wp\/v2\/users\/3"}],"replies":[{"embeddable":true,"href":"https:\/\/www.talky-app.com\/es\/wp-json\/wp\/v2\/comments?post=2138"}],"version-history":[{"count":36,"href":"https:\/\/www.talky-app.com\/es\/wp-json\/wp\/v2\/pages\/2138\/revisions"}],"predecessor-version":[{"id":3385,"href":"https:\/\/www.talky-app.com\/es\/wp-json\/wp\/v2\/pages\/2138\/revisions\/3385"}],"wp:attachment":[{"href":"https:\/\/www.talky-app.com\/es\/wp-json\/wp\/v2\/media?parent=2138"}],"curies":[{"name":"wp","href":"https:\/\/api.w.org\/{rel}","templated":true}]}}