{"id":3273,"date":"2025-07-12T07:07:06","date_gmt":"2025-07-12T07:07:06","guid":{"rendered":"https:\/\/www.talky-app.com\/terminos-y-condiciones\/"},"modified":"2025-07-14T08:07:32","modified_gmt":"2025-07-14T08:07:32","slug":"terminos-y-condiciones","status":"publish","type":"page","link":"https:\/\/www.talky-app.com\/es\/terminos-y-condiciones\/","title":{"rendered":"T\u00e9rminos y condiciones"},"content":{"rendered":"\t\t<div data-elementor-type=\"wp-page\" data-elementor-id=\"3273\" class=\"elementor elementor-3273 elementor-3268\" data-elementor-post-type=\"page\">\n\t\t\t\t<div class=\"elementor-element elementor-element-d7eaaca e-flex e-con-boxed e-con e-parent\" data-id=\"d7eaaca\" data-element_type=\"container\" data-e-type=\"container\" data-settings=\"{&quot;background_background&quot;:&quot;slideshow&quot;,&quot;background_slideshow_gallery&quot;:[{&quot;id&quot;:2865,&quot;url&quot;:&quot;http:\\\/\\\/www.talky-app.com\\\/wp-content\\\/uploads\\\/2025\\\/06\\\/Effektives-Sprachtraining-\\u2013-strukturiert-wie-ein-Kurs-motivierend-wie-ein-Spiel.-8-1.png&quot;}],&quot;background_slideshow_loop&quot;:&quot;yes&quot;,&quot;background_slideshow_slide_duration&quot;:5000,&quot;background_slideshow_slide_transition&quot;:&quot;fade&quot;,&quot;background_slideshow_transition_duration&quot;:500}\">\n\t\t\t\t\t<div class=\"e-con-inner\">\n\t\t\t\t<div class=\"elementor-element elementor-element-24901dd elementor-widget elementor-widget-text-editor\" data-id=\"24901dd\" data-element_type=\"widget\" data-e-type=\"widget\" data-widget_type=\"text-editor.default\">\n\t\t\t\t<div class=\"elementor-widget-container\">\n\t\t\t\t\t\t\t\t\t<p><strong>En vigor a partir del 1 de julio de 2025<\/strong><\/p><p>Bienvenido a la App Talky. Lee atentamente estas Condiciones (\u00abCondiciones\u00bb) antes de utilizar nuestra App. Al crear una cuenta o utilizar la App Talky, aceptas quedar vinculado por estos T\u00e9rminos. Si no est\u00e1s de acuerdo, no debes utilizar la App.   <\/p><h5><strong>1. Informaci\u00f3n del proveedor<\/strong><\/h5><p><strong>Talky GmbH<\/strong><br>Franz\u00f6sische Str. 20<br>10117 Berl\u00edn, Alemania<br>Registro Mercantil: HRB 249285B<br>Correo electr\u00f3nico: <a href=\"mailto:support@talky.tech\">support@talky.tech<\/a> <\/p><h2> <\/h2><h5><strong>2. Elegibilidad y consentimiento paterno<\/strong><\/h5><ul><li>La App Talky est\u00e1 destinada a ser utilizada por menores de 16 a\u00f1os <strong>s\u00f3lo con el consentimiento previo de sus padres o tutores legales<\/strong>.<\/li><li>Al registrar una cuenta, confirmas que:<ul><li>Eres el tutor legal del menor usuario y has dado tu consentimiento, o<\/li><li>Tienes al menos 16 a\u00f1os y eres legalmente capaz de aceptar estas Condiciones.<\/li><\/ul><\/li><li>Los padres o tutores legales son responsables de supervisar el uso de la App por parte de sus hijos y de garantizar el cumplimiento de estas Condiciones.<\/li><\/ul><h5> <\/h5><h5> <\/h5><h5><strong>3. Registro y cuenta<\/strong><\/h5><ul><li>Para utilizar la App, debes crear una cuenta.<\/li><li>Te comprometes a proporcionar informaci\u00f3n precisa y completa durante el registro y a mantener tus datos actualizados.<\/li><li>Eres responsable de mantener la confidencialidad de tus credenciales de acceso y de todas las actividades que se realicen con tu cuenta.<\/li><li>Talky se reserva el derecho a suspender o cancelar las cuentas que infrinjan estas Condiciones.<\/li><\/ul><h5> <\/h5><h5> <\/h5><h5><strong>4. Servicios prestados<\/strong><\/h5><p>Talky ofrece una plataforma de aprendizaje de idiomas basada en IA que permite a los ni\u00f1os:<\/p><ul><li>Participa en un juego interactivo de aprendizaje de idiomas.<\/li><li>Recibe contenidos de aprendizaje personalizados y retroalimentaci\u00f3n.<\/li><\/ul><p>Podemos mejorar, actualizar o modificar la App en cualquier momento sin previo aviso.<\/p><h5> <\/h5><h5> <\/h5><h5><strong>5. Tasas y pagos<\/strong><\/h5><ul><li>El acceso a la App Talky requiere una suscripci\u00f3n mensual adquirida por un padre o tutor legal.<\/li><li>Las suscripciones se facturan y gestionan exclusivamente a trav\u00e9s de App Store o Google Play Store. Las condiciones de pago aplicables, las condiciones de renovaci\u00f3n y los derechos de cancelaci\u00f3n son determinados por el proveedor de la plataforma y se te presentan durante el pago. <\/li><li>No hay compras adicionales dentro de la aplicaci\u00f3n.<\/li><li>Puedes cancelar tu suscripci\u00f3n en cualquier momento en la configuraci\u00f3n de tu cuenta de App Store o Play Store. La cancelaci\u00f3n tendr\u00e1 efecto al final de tu periodo de facturaci\u00f3n actual. <\/li><\/ul><h5> <\/h5><h5> <\/h5><h5><strong>6. Propiedad intelectual<\/strong><\/h5><ul><li>Todo el contenido, software y materiales de la App son propiedad de Talky GmbH o de sus licenciantes y est\u00e1n protegidos por derechos de autor y otras leyes de propiedad intelectual.<\/li><li>Se te concede un derecho limitado, no exclusivo e intransferible a utilizar la App \u00fanicamente con fines personales y no comerciales.<\/li><li>No debes copiar, modificar, distribuir ni crear trabajos derivados basados en ninguna parte de la App.<\/li><\/ul><h5> <\/h5><h5> <\/h5><h5><strong>7. Obligaciones del usuario<\/strong><\/h5><p>Te comprometes a no hacerlo:<\/p><ul><li>Utilizar la App para cualquier fin il\u00edcito.<\/li><li>Intentar acceder o manipular sistemas o datos de otros usuarios.<\/li><li>Transmitir cualquier c\u00f3digo da\u00f1ino o interferir en el funcionamiento de la App.<\/li><\/ul><h5> <\/h5><h5> <\/h5><h5><strong>8. Terminaci\u00f3n<\/strong><\/h5><ul><li>Puedes cancelar tu suscripci\u00f3n en cualquier momento a trav\u00e9s de la configuraci\u00f3n de tu cuenta de App Store o Play Store. La cancelaci\u00f3n tendr\u00e1 efecto al final de tu periodo de facturaci\u00f3n actual. <\/li><li>Nos reservamos el derecho a suspender o cancelar tu acceso a la App si incumples estas Condiciones.<\/li><li>En caso de rescisi\u00f3n, tu derecho a utilizar la App finalizar\u00e1 tras la expiraci\u00f3n del periodo de suscripci\u00f3n de pago, a menos que la legislaci\u00f3n aplicable o las condiciones de la plataforma exijan lo contrario.<\/li><\/ul><h5> <\/h5><h5> <\/h5><h5><strong>9. Renuncia de garant\u00edas<\/strong><\/h5><ul><li>La App se proporciona \u00abtal cual\u00bb, sin garant\u00edas de ning\u00fan tipo.<\/li><li>No garantizamos que la App est\u00e9 libre de errores, sea segura o ininterrumpida.<\/li><\/ul><h5> <\/h5><h5> <\/h5><h5><strong>10. Limitaci\u00f3n de responsabilidad<\/strong><\/h5><ul><li>En la medida en que lo permita la ley, Talky GmbH no ser\u00e1 responsable de ning\u00fan da\u00f1o indirecto, incidental o consecuente derivado del uso que hagas de la App.<\/li><li>Nuestra responsabilidad total se limita al importe que hayas pagado en los \u00faltimos 12 meses.<\/li><\/ul><h5> <\/h5><h5> <\/h5><h5><strong>11. Ley aplicable<\/strong><\/h5><ul><li>Estas Condiciones se regir\u00e1n por las leyes de Alemania.<\/li><li>Cualquier disputa se someter\u00e1 a los tribunales de Berl\u00edn, Alemania.<\/li><\/ul><h5> <\/h5><h5> <\/h5><h5><strong>12. Cambios en las Condiciones<\/strong><\/h5><ul><li>Podemos actualizar estas Condiciones de vez en cuando.<\/li><li>Te notificaremos los cambios a trav\u00e9s de la App o por correo electr\u00f3nico.<\/li><li>El uso continuado de la App despu\u00e9s de los cambios significa que aceptas los T\u00e9rminos revisados.<\/li><\/ul><h5> <\/h5><h5><strong>13. Escuelas e instituciones educativas<\/strong><\/h5><p>Las escuelas e instituciones educativas pueden proporcionar acceso a la App a sus estudiantes como parte de sus programas educativos. Los colegios e instituciones son los \u00fanicos responsables de garantizar que se dispone de todos los consentimientos y bases legales necesarios para que los estudiantes menores de 16 a\u00f1os puedan utilizar la App de conformidad con la legislaci\u00f3n aplicable en materia de protecci\u00f3n de datos. <\/p><h5> <\/h5><h5><strong>14. Contacta con<\/strong><\/h5><p>Si tienes preguntas sobre estas Condiciones, puedes ponerte en contacto con nosotros en<br><strong><a href=\"mailto:support@talky.tech\">support@talky.tech<\/a><\/strong><\/p><h5> <\/h5><h5> <\/h5>\t\t\t\t\t\t\t\t<\/div>\n\t\t\t\t<\/div>\n\t\t\t\t\t<\/div>\n\t\t\t\t<\/div>\n\t\t\t\t<\/div>\n\t\t","protected":false},"excerpt":{"rendered":"<p>En vigor a partir del 1 de julio de 2025 Bienvenido a la App Talky. Lee atentamente estas Condiciones (\u00abCondiciones\u00bb) antes de utilizar nuestra App. Al crear una cuenta o utilizar la App Talky, aceptas quedar vinculado por estos T\u00e9rminos. Si no est\u00e1s de acuerdo, no debes utilizar la App. 1. Informaci\u00f3n del proveedor Talky [&hellip;]<\/p>\n","protected":false},"author":3,"featured_media":0,"parent":0,"menu_order":0,"comment_status":"closed","ping_status":"closed","template":"","meta":{"_monsterinsights_skip_tracking":false,"_monsterinsights_sitenote_active":false,"_monsterinsights_sitenote_note":"","_monsterinsights_sitenote_category":0,"footnotes":""},"class_list":["post-3273","page","type-page","status-publish","hentry"],"yoast_head":"<!-- This site is optimized with the Yoast SEO plugin v26.1.1 - https:\/\/yoast.com\/wordpress\/plugins\/seo\/ -->\n<title>T\u00e9rminos y condiciones - Talky<\/title>\n<meta name=\"robots\" content=\"index, follow, max-snippet:-1, max-image-preview:large, max-video-preview:-1\" \/>\n<link rel=\"canonical\" href=\"https:\/\/www.talky-app.com\/es\/terminos-y-condiciones\/\" \/>\n<meta property=\"og:locale\" content=\"es_ES\" \/>\n<meta property=\"og:type\" content=\"article\" \/>\n<meta property=\"og:title\" content=\"T\u00e9rminos y condiciones - Talky\" \/>\n<meta property=\"og:description\" content=\"En vigor a partir del 1 de julio de 2025 Bienvenido a la App Talky. Lee atentamente estas Condiciones (\u00abCondiciones\u00bb) antes de utilizar nuestra App. Al crear una cuenta o utilizar la App Talky, aceptas quedar vinculado por estos T\u00e9rminos. Si no est\u00e1s de acuerdo, no debes utilizar la App. 1. Informaci\u00f3n del proveedor Talky [&hellip;]\" \/>\n<meta property=\"og:url\" content=\"https:\/\/www.talky-app.com\/es\/terminos-y-condiciones\/\" \/>\n<meta property=\"og:site_name\" content=\"Talky\" \/>\n<meta property=\"article:modified_time\" content=\"2025-07-14T08:07:32+00:00\" \/>\n<meta property=\"og:image\" content=\"https:\/\/www.talky-app.com\/wp-content\/uploads\/2024\/02\/TalkyOG.jpeg\" \/>\n\t<meta property=\"og:image:width\" content=\"1920\" \/>\n\t<meta property=\"og:image:height\" content=\"1080\" \/>\n\t<meta property=\"og:image:type\" content=\"image\/jpeg\" \/>\n<meta name=\"twitter:card\" content=\"summary_large_image\" \/>\n<meta name=\"twitter:label1\" content=\"Tiempo de lectura\" \/>\n\t<meta name=\"twitter:data1\" content=\"4 minutos\" \/>\n<script type=\"application\/ld+json\" class=\"yoast-schema-graph\">{\"@context\":\"https:\/\/schema.org\",\"@graph\":[{\"@type\":\"WebPage\",\"@id\":\"https:\/\/www.talky-app.com\/es\/terminos-y-condiciones\/\",\"url\":\"https:\/\/www.talky-app.com\/es\/terminos-y-condiciones\/\",\"name\":\"T\u00e9rminos y condiciones - Talky\",\"isPartOf\":{\"@id\":\"https:\/\/www.talky-app.com\/es\/#website\"},\"datePublished\":\"2025-07-12T07:07:06+00:00\",\"dateModified\":\"2025-07-14T08:07:32+00:00\",\"breadcrumb\":{\"@id\":\"https:\/\/www.talky-app.com\/es\/terminos-y-condiciones\/#breadcrumb\"},\"inLanguage\":\"es\",\"potentialAction\":[{\"@type\":\"ReadAction\",\"target\":[\"https:\/\/www.talky-app.com\/es\/terminos-y-condiciones\/\"]}]},{\"@type\":\"BreadcrumbList\",\"@id\":\"https:\/\/www.talky-app.com\/es\/terminos-y-condiciones\/#breadcrumb\",\"itemListElement\":[{\"@type\":\"ListItem\",\"position\":1,\"name\":\"Home\",\"item\":\"https:\/\/www.talky-app.com\/es\/\"},{\"@type\":\"ListItem\",\"position\":2,\"name\":\"T\u00e9rminos y condiciones\"}]},{\"@type\":\"WebSite\",\"@id\":\"https:\/\/www.talky-app.com\/es\/#website\",\"url\":\"https:\/\/www.talky-app.com\/es\/\",\"name\":\"Talky\",\"description\":\"App de aprendizaje de idiomas para ni\u00f1os de 8 a 12 a\u00f1os\",\"publisher\":{\"@id\":\"https:\/\/www.talky-app.com\/es\/#organization\"},\"potentialAction\":[{\"@type\":\"SearchAction\",\"target\":{\"@type\":\"EntryPoint\",\"urlTemplate\":\"https:\/\/www.talky-app.com\/es\/?s={search_term_string}\"},\"query-input\":{\"@type\":\"PropertyValueSpecification\",\"valueRequired\":true,\"valueName\":\"search_term_string\"}}],\"inLanguage\":\"es\"},{\"@type\":\"Organization\",\"@id\":\"https:\/\/www.talky-app.com\/es\/#organization\",\"name\":\"Talky GmbH\",\"url\":\"https:\/\/www.talky-app.com\/es\/\",\"logo\":{\"@type\":\"ImageObject\",\"inLanguage\":\"es\",\"@id\":\"https:\/\/www.talky-app.com\/es\/#\/schema\/logo\/image\/\",\"url\":\"https:\/\/www.talky-app.com\/wp-content\/uploads\/2024\/01\/logotalky.png\",\"contentUrl\":\"https:\/\/www.talky-app.com\/wp-content\/uploads\/2024\/01\/logotalky.png\",\"width\":280,\"height\":90,\"caption\":\"Talky GmbH\"},\"image\":{\"@id\":\"https:\/\/www.talky-app.com\/es\/#\/schema\/logo\/image\/\"}}]}<\/script>\n<!-- \/ Yoast SEO plugin. -->","yoast_head_json":{"title":"T\u00e9rminos y condiciones - Talky","robots":{"index":"index","follow":"follow","max-snippet":"max-snippet:-1","max-image-preview":"max-image-preview:large","max-video-preview":"max-video-preview:-1"},"canonical":"https:\/\/www.talky-app.com\/es\/terminos-y-condiciones\/","og_locale":"es_ES","og_type":"article","og_title":"T\u00e9rminos y condiciones - Talky","og_description":"En vigor a partir del 1 de julio de 2025 Bienvenido a la App Talky. Lee atentamente estas Condiciones (\u00abCondiciones\u00bb) antes de utilizar nuestra App. Al crear una cuenta o utilizar la App Talky, aceptas quedar vinculado por estos T\u00e9rminos. Si no est\u00e1s de acuerdo, no debes utilizar la App. 1. Informaci\u00f3n del proveedor Talky [&hellip;]","og_url":"https:\/\/www.talky-app.com\/es\/terminos-y-condiciones\/","og_site_name":"Talky","article_modified_time":"2025-07-14T08:07:32+00:00","og_image":[{"width":1920,"height":1080,"url":"https:\/\/www.talky-app.com\/wp-content\/uploads\/2024\/02\/TalkyOG.jpeg","type":"image\/jpeg"}],"twitter_card":"summary_large_image","twitter_misc":{"Tiempo de lectura":"4 minutos"},"schema":{"@context":"https:\/\/schema.org","@graph":[{"@type":"WebPage","@id":"https:\/\/www.talky-app.com\/es\/terminos-y-condiciones\/","url":"https:\/\/www.talky-app.com\/es\/terminos-y-condiciones\/","name":"T\u00e9rminos y condiciones - Talky","isPartOf":{"@id":"https:\/\/www.talky-app.com\/es\/#website"},"datePublished":"2025-07-12T07:07:06+00:00","dateModified":"2025-07-14T08:07:32+00:00","breadcrumb":{"@id":"https:\/\/www.talky-app.com\/es\/terminos-y-condiciones\/#breadcrumb"},"inLanguage":"es","potentialAction":[{"@type":"ReadAction","target":["https:\/\/www.talky-app.com\/es\/terminos-y-condiciones\/"]}]},{"@type":"BreadcrumbList","@id":"https:\/\/www.talky-app.com\/es\/terminos-y-condiciones\/#breadcrumb","itemListElement":[{"@type":"ListItem","position":1,"name":"Home","item":"https:\/\/www.talky-app.com\/es\/"},{"@type":"ListItem","position":2,"name":"T\u00e9rminos y condiciones"}]},{"@type":"WebSite","@id":"https:\/\/www.talky-app.com\/es\/#website","url":"https:\/\/www.talky-app.com\/es\/","name":"Talky","description":"App de aprendizaje de idiomas para ni\u00f1os de 8 a 12 a\u00f1os","publisher":{"@id":"https:\/\/www.talky-app.com\/es\/#organization"},"potentialAction":[{"@type":"SearchAction","target":{"@type":"EntryPoint","urlTemplate":"https:\/\/www.talky-app.com\/es\/?s={search_term_string}"},"query-input":{"@type":"PropertyValueSpecification","valueRequired":true,"valueName":"search_term_string"}}],"inLanguage":"es"},{"@type":"Organization","@id":"https:\/\/www.talky-app.com\/es\/#organization","name":"Talky GmbH","url":"https:\/\/www.talky-app.com\/es\/","logo":{"@type":"ImageObject","inLanguage":"es","@id":"https:\/\/www.talky-app.com\/es\/#\/schema\/logo\/image\/","url":"https:\/\/www.talky-app.com\/wp-content\/uploads\/2024\/01\/logotalky.png","contentUrl":"https:\/\/www.talky-app.com\/wp-content\/uploads\/2024\/01\/logotalky.png","width":280,"height":90,"caption":"Talky GmbH"},"image":{"@id":"https:\/\/www.talky-app.com\/es\/#\/schema\/logo\/image\/"}}]}},"_links":{"self":[{"href":"https:\/\/www.talky-app.com\/es\/wp-json\/wp\/v2\/pages\/3273","targetHints":{"allow":["GET"]}}],"collection":[{"href":"https:\/\/www.talky-app.com\/es\/wp-json\/wp\/v2\/pages"}],"about":[{"href":"https:\/\/www.talky-app.com\/es\/wp-json\/wp\/v2\/types\/page"}],"author":[{"embeddable":true,"href":"https:\/\/www.talky-app.com\/es\/wp-json\/wp\/v2\/users\/3"}],"replies":[{"embeddable":true,"href":"https:\/\/www.talky-app.com\/es\/wp-json\/wp\/v2\/comments?post=3273"}],"version-history":[{"count":4,"href":"https:\/\/www.talky-app.com\/es\/wp-json\/wp\/v2\/pages\/3273\/revisions"}],"predecessor-version":[{"id":3309,"href":"https:\/\/www.talky-app.com\/es\/wp-json\/wp\/v2\/pages\/3273\/revisions\/3309"}],"wp:attachment":[{"href":"https:\/\/www.talky-app.com\/es\/wp-json\/wp\/v2\/media?parent=3273"}],"curies":[{"name":"wp","href":"https:\/\/api.w.org\/{rel}","templated":true}]}}